{"id":9051,"date":"2026-02-24T11:11:00","date_gmt":"2026-02-24T11:11:00","guid":{"rendered":"https:\/\/you.dental\/?page_id=9051"},"modified":"2026-02-25T15:33:46","modified_gmt":"2026-02-25T15:33:46","slug":"about-hr","status":"publish","type":"page","link":"https:\/\/you.dental\/?page_id=9051&lang=hr","title":{"rendered":"About-HR"},"content":{"rendered":"\t\t<div data-elementor-type=\"wp-post\" data-elementor-id=\"9051\" class=\"elementor elementor-9051\" data-elementor-post-type=\"page\">\n\t\t\t\t\t\t<section class=\"elementor-section elementor-top-section elementor-element elementor-element-cd09f9b elementor-section-content-middle elementor-section-boxed elementor-section-height-default elementor-section-height-default\" data-id=\"cd09f9b\" data-element_type=\"section\" data-settings=\"{&quot;background_background&quot;:&quot;classic&quot;}\">\n\t\t\t\t\t\t\t<div class=\"elementor-background-overlay\"><\/div>\n\t\t\t\t\t\t\t<div class=\"elementor-container elementor-column-gap-default\">\n\t\t\t\t\t<div class=\"elementor-column elementor-col-100 elementor-top-column elementor-element elementor-element-f710acc\" data-id=\"f710acc\" data-element_type=\"column\">\n\t\t\t<div class=\"elementor-widget-wrap elementor-element-populated\">\n\t\t\t\t\t\t<div class=\"elementor-element elementor-element-4e6e8ee elementor-widget elementor-widget-heading\" data-id=\"4e6e8ee\" data-element_type=\"widget\" data-widget_type=\"heading.default\">\n\t\t\t\t<div class=\"elementor-widget-container\">\n\t\t\t\t\t<h1 class=\"elementor-heading-title elementor-size-default\">Kako to radi?<\/h1>\t\t\t\t<\/div>\n\t\t\t\t<\/div>\n\t\t\t\t\t<\/div>\n\t\t<\/div>\n\t\t\t\t\t<\/div>\n\t\t<\/section>\n\t\t\t\t<section class=\"elementor-section elementor-top-section elementor-element elementor-element-92d4aef elementor-section-content-middle elementor-section-height-min-height elementor-section-boxed elementor-section-height-default elementor-section-items-middle\" data-id=\"92d4aef\" data-element_type=\"section\" data-settings=\"{&quot;background_background&quot;:&quot;classic&quot;}\">\n\t\t\t\t\t\t<div class=\"elementor-container elementor-column-gap-default\">\n\t\t\t\t\t<div class=\"elementor-column elementor-col-100 elementor-top-column elementor-element elementor-element-bff1451\" data-id=\"bff1451\" data-element_type=\"column\" data-settings=\"{&quot;background_background&quot;:&quot;classic&quot;}\">\n\t\t\t<div class=\"elementor-widget-wrap elementor-element-populated\">\n\t\t\t\t\t\t<section class=\"elementor-section elementor-inner-section elementor-element elementor-element-c3aee7d elementor-section-content-top elementor-section-boxed elementor-section-height-default elementor-section-height-default\" data-id=\"c3aee7d\" data-element_type=\"section\">\n\t\t\t\t\t\t<div class=\"elementor-container elementor-column-gap-default\">\n\t\t\t\t\t<div class=\"elementor-column elementor-col-33 elementor-inner-column elementor-element elementor-element-6cb1f22\" data-id=\"6cb1f22\" data-element_type=\"column\" data-settings=\"{&quot;background_background&quot;:&quot;classic&quot;}\">\n\t\t\t<div class=\"elementor-widget-wrap elementor-element-populated\">\n\t\t\t\t\t\t<div class=\"elementor-element elementor-element-8a8e124 elementor-view-default elementor-widget elementor-widget-icon\" data-id=\"8a8e124\" data-element_type=\"widget\" data-widget_type=\"icon.default\">\n\t\t\t\t<div class=\"elementor-widget-container\">\n\t\t\t\t\t\t\t<div class=\"elementor-icon-wrapper\">\n\t\t\t<div class=\"elementor-icon\">\n\t\t\t<i aria-hidden=\"true\" class=\"fas fa-money-check\"><\/i>\t\t\t<\/div>\n\t\t<\/div>\n\t\t\t\t\t\t<\/div>\n\t\t\t\t<\/div>\n\t\t\t\t<div class=\"elementor-element elementor-element-f0b1fa2 elementor-widget elementor-widget-heading\" data-id=\"f0b1fa2\" data-element_type=\"widget\" data-widget_type=\"heading.default\">\n\t\t\t\t<div class=\"elementor-widget-container\">\n\t\t\t\t\t<h5 class=\"elementor-heading-title elementor-size-default\">Kupite knjigu<\/h5>\t\t\t\t<\/div>\n\t\t\t\t<\/div>\n\t\t\t\t<div class=\"elementor-element elementor-element-69f1422 elementor-widget elementor-widget-spacer\" data-id=\"69f1422\" data-element_type=\"widget\" data-widget_type=\"spacer.default\">\n\t\t\t\t<div class=\"elementor-widget-container\">\n\t\t\t\t\t\t\t<div class=\"elementor-spacer\">\n\t\t\t<div class=\"elementor-spacer-inner\"><\/div>\n\t\t<\/div>\n\t\t\t\t\t\t<\/div>\n\t\t\t\t<\/div>\n\t\t\t\t<div class=\"elementor-element elementor-element-fff2cec elementor-widget elementor-widget-bdt-toggle\" data-id=\"fff2cec\" data-element_type=\"widget\" data-widget_type=\"bdt-toggle.default\">\n\t\t\t\t<div class=\"elementor-widget-container\">\n\t\t\t\t\t\n        <div class=\"bdt-show-hide-container\">\n            <div id=\"bdt-show-hide-fff2cec\" class=\"bdt-show-hide\" data-settings=\"{&quot;id&quot;:&quot;fff2cec&quot;,&quot;status_scrollspy&quot;:&quot;no&quot;,&quot;scrollspy_top_offset&quot;:70,&quot;scrollspy_time&quot;:1000,&quot;toggle_initially_open&quot;:&quot; &quot;,&quot;by_widget_selector_status&quot;:&quot;no&quot;,&quot;viewport_lg&quot;:1023,&quot;viewport_md&quot;:767}\">\n                <div class=\"bdt-show-hide-item \">\n                    <div class=\"bdt-show-hide-content\">\n                        <p>Kupite interaktivnu knjigu u na\u0161oj trgovini. Imajte na umu da su neke knjige besplatne.<\/p><p>Ako je ovo va\u0161a prva narud\u017eba, automatski \u0107e vam biti stvoren ra\u010dun koji vam omogu\u0107uje pristup va\u0161em osobnom prostoru za pregled narud\u017ebi, promjenu lozinke i jo\u0161 mnogo toga.<\/p><p>Molimo vas da na sigurnom \u010duvate svoje podatke za prijavu jer \u0107e vam oni omogu\u0107iti \u010ditanje e-knjiga koje ste kupili putem raznih aplikacija koje nudimo.<\/p><p>Podaci o va\u0161em ra\u010dunu bit \u0107e vam poslani e-po\u0161tom prilikom va\u0161e prve narud\u017ebe.<br \/>Od druge kupnje nadalje, kada se prijavite kako biste dovr\u0161ili kupnju, ne\u0107ete morati ponovno unositi sve podatke o naplati jer \u0107e biti automatski popunjeni.<br \/>Prilikom dovr\u0161etka kupnje mo\u017eete unijeti i sve promotivne kodove koje imate.<\/p>                    <\/div>\n\n                    <a class=\"bdt-show-hide-title\" href='javascript:void(0)'>\n                        <!--  -->\n                                                                                                    <!--  -->\n                        <span class=\"bdt-toggle-open\">\n                            Prika\u017ei sve                        <\/span>\n                        <span class=\"bdt-toggle-close\">\n                            Smanjiti                        <\/span>\n                                                                                    <span class=\"bdt-show-hide-icon\" aria-hidden=\"true\">\n\n                                    <span class=\"bdt-show-hide-icon-closed\">\n                                        <i aria-hidden=\"true\" class=\"fa-fw fas fa-plus\"><\/i>                                    <\/span>\n\n                                    <span class=\"bdt-show-hide-icon-opened\">\n                                        <i aria-hidden=\"true\" class=\"fa-fw fas fa-minus\"><\/i>                                    <\/span>\n\n                                <\/span>\n                                                    \n                    <\/a>\n                <\/div>\n            <\/div>\n        <\/div>\n\n\t\t\t\t<\/div>\n\t\t\t\t<\/div>\n\t\t\t\t\t<\/div>\n\t\t<\/div>\n\t\t\t\t<div class=\"elementor-column elementor-col-33 elementor-inner-column elementor-element elementor-element-83a5c62\" data-id=\"83a5c62\" data-element_type=\"column\" data-settings=\"{&quot;background_background&quot;:&quot;classic&quot;}\">\n\t\t\t<div class=\"elementor-widget-wrap elementor-element-populated\">\n\t\t\t\t\t\t<div class=\"elementor-element elementor-element-02240ef elementor-view-default elementor-widget elementor-widget-icon\" data-id=\"02240ef\" data-element_type=\"widget\" data-widget_type=\"icon.default\">\n\t\t\t\t<div class=\"elementor-widget-container\">\n\t\t\t\t\t\t\t<div class=\"elementor-icon-wrapper\">\n\t\t\t<div class=\"elementor-icon\">\n\t\t\t<i aria-hidden=\"true\" class=\"fab fa-google-play\"><\/i>\t\t\t<\/div>\n\t\t<\/div>\n\t\t\t\t\t\t<\/div>\n\t\t\t\t<\/div>\n\t\t\t\t<div class=\"elementor-element elementor-element-6e5835d elementor-view-default elementor-widget elementor-widget-icon\" data-id=\"6e5835d\" data-element_type=\"widget\" data-widget_type=\"icon.default\">\n\t\t\t\t<div class=\"elementor-widget-container\">\n\t\t\t\t\t\t\t<div class=\"elementor-icon-wrapper\">\n\t\t\t<div class=\"elementor-icon\">\n\t\t\t<i aria-hidden=\"true\" class=\"fab fa-app-store\"><\/i>\t\t\t<\/div>\n\t\t<\/div>\n\t\t\t\t\t\t<\/div>\n\t\t\t\t<\/div>\n\t\t\t\t<div class=\"elementor-element elementor-element-86a14fd elementor-widget elementor-widget-heading\" data-id=\"86a14fd\" data-element_type=\"widget\" data-widget_type=\"heading.default\">\n\t\t\t\t<div class=\"elementor-widget-container\">\n\t\t\t\t\t<h5 class=\"elementor-heading-title elementor-size-default\">Preuzmite aplikaciju<\/h5>\t\t\t\t<\/div>\n\t\t\t\t<\/div>\n\t\t\t\t<div class=\"elementor-element elementor-element-57748d7 elementor-widget elementor-widget-spacer\" data-id=\"57748d7\" data-element_type=\"widget\" data-widget_type=\"spacer.default\">\n\t\t\t\t<div class=\"elementor-widget-container\">\n\t\t\t\t\t\t\t<div class=\"elementor-spacer\">\n\t\t\t<div class=\"elementor-spacer-inner\"><\/div>\n\t\t<\/div>\n\t\t\t\t\t\t<\/div>\n\t\t\t\t<\/div>\n\t\t\t\t<div class=\"elementor-element elementor-element-6460ef6 elementor-widget elementor-widget-bdt-toggle\" data-id=\"6460ef6\" data-element_type=\"widget\" data-widget_type=\"bdt-toggle.default\">\n\t\t\t\t<div class=\"elementor-widget-container\">\n\t\t\t\t\t\n        <div class=\"bdt-show-hide-container\">\n            <div id=\"bdt-show-hide-6460ef6\" class=\"bdt-show-hide\" data-settings=\"{&quot;id&quot;:&quot;6460ef6&quot;,&quot;status_scrollspy&quot;:&quot;no&quot;,&quot;scrollspy_top_offset&quot;:70,&quot;scrollspy_time&quot;:1000,&quot;toggle_initially_open&quot;:&quot; &quot;,&quot;by_widget_selector_status&quot;:&quot;no&quot;,&quot;viewport_lg&quot;:1023,&quot;viewport_md&quot;:767}\">\n                <div class=\"bdt-show-hide-item \">\n                    <div class=\"bdt-show-hide-content\">\n                        <p style=\"margin-bottom: 1rem;\">Da biste pro\u010ditali sadr\u017eaj koji ste kupili, mo\u017eete preuzeti na\u0161u you.dental aplikaciju na:<\/p><ul><li><a href=\"https:\/\/apps.apple.com\/it\/app\/ebook-dental\/id1579893114\" target=\"_blank\" rel=\"noopener\"><span style=\"text-decoration: underline;\"><strong><span style=\"color: #777777; font-family: Open Sans, Helvetica, Arial, sans-serif;\"><span style=\"font-size: 14px;\">App Store iPhone o iPad<\/span><\/span><\/strong><\/span><\/a><\/li><li><a href=\"https:\/\/play.google.com\/store\/apps\/details?id=dental.ebook.shelf&amp;pli=1\" target=\"_blank\" rel=\"noopener\"><span style=\"text-decoration: underline;\"><strong><span style=\"color: #777777; font-family: Open Sans, Helvetica, Arial, sans-serif;\"><span style=\"font-size: 14px;\">Google Play Store\u00a0<\/span><\/span><\/strong><\/span><\/a>&#8211;<a href=\"https:\/\/play.google.com\/store\/apps\/details?id=dental.ebook.shelf&amp;pli=1\" target=\"_blank\" rel=\"noopener\"><span style=\"text-decoration: underline;\"><strong><span style=\"color: #777777; font-family: Open Sans, Helvetica, Arial, sans-serif;\"><span style=\"font-size: 14px;\"> Android<\/span><\/span><\/strong><\/span><\/a><\/li><\/ul>                    <\/div>\n\n                    <a class=\"bdt-show-hide-title\" href='javascript:void(0)'>\n                        <!--  -->\n                                                                                                    <!--  -->\n                        <span class=\"bdt-toggle-open\">\n                            Prika\u017ei sve                        <\/span>\n                        <span class=\"bdt-toggle-close\">\n                            Smanjiti                        <\/span>\n                                                                                    <span class=\"bdt-show-hide-icon\" aria-hidden=\"true\">\n\n                                    <span class=\"bdt-show-hide-icon-closed\">\n                                        <i aria-hidden=\"true\" class=\"fa-fw fas fa-plus\"><\/i>                                    <\/span>\n\n                                    <span class=\"bdt-show-hide-icon-opened\">\n                                        <i aria-hidden=\"true\" class=\"fa-fw fas fa-minus\"><\/i>                                    <\/span>\n\n                                <\/span>\n                                                    \n                    <\/a>\n                <\/div>\n            <\/div>\n        <\/div>\n\n\t\t\t\t<\/div>\n\t\t\t\t<\/div>\n\t\t\t\t\t<\/div>\n\t\t<\/div>\n\t\t\t\t<div class=\"elementor-column elementor-col-33 elementor-inner-column elementor-element elementor-element-e7f901a\" data-id=\"e7f901a\" data-element_type=\"column\" data-settings=\"{&quot;background_background&quot;:&quot;classic&quot;}\">\n\t\t\t<div class=\"elementor-widget-wrap elementor-element-populated\">\n\t\t\t\t\t\t<div class=\"elementor-element elementor-element-79dabdf elementor-view-default elementor-widget elementor-widget-icon\" data-id=\"79dabdf\" data-element_type=\"widget\" data-widget_type=\"icon.default\">\n\t\t\t\t<div class=\"elementor-widget-container\">\n\t\t\t\t\t\t\t<div class=\"elementor-icon-wrapper\">\n\t\t\t<div class=\"elementor-icon\">\n\t\t\t<i aria-hidden=\"true\" class=\"fas fa-book-reader\"><\/i>\t\t\t<\/div>\n\t\t<\/div>\n\t\t\t\t\t\t<\/div>\n\t\t\t\t<\/div>\n\t\t\t\t<div class=\"elementor-element elementor-element-c4b018b elementor-widget elementor-widget-heading\" data-id=\"c4b018b\" data-element_type=\"widget\" data-widget_type=\"heading.default\">\n\t\t\t\t<div class=\"elementor-widget-container\">\n\t\t\t\t\t<h5 class=\"elementor-heading-title elementor-size-default\">\u010citaj knjige<\/h5>\t\t\t\t<\/div>\n\t\t\t\t<\/div>\n\t\t\t\t<div class=\"elementor-element elementor-element-f8b7b08 elementor-widget elementor-widget-spacer\" data-id=\"f8b7b08\" data-element_type=\"widget\" data-widget_type=\"spacer.default\">\n\t\t\t\t<div class=\"elementor-widget-container\">\n\t\t\t\t\t\t\t<div class=\"elementor-spacer\">\n\t\t\t<div class=\"elementor-spacer-inner\"><\/div>\n\t\t<\/div>\n\t\t\t\t\t\t<\/div>\n\t\t\t\t<\/div>\n\t\t\t\t<div class=\"elementor-element elementor-element-0ca3206 elementor-widget elementor-widget-bdt-toggle\" data-id=\"0ca3206\" data-element_type=\"widget\" data-widget_type=\"bdt-toggle.default\">\n\t\t\t\t<div class=\"elementor-widget-container\">\n\t\t\t\t\t\n        <div class=\"bdt-show-hide-container\">\n            <div id=\"bdt-show-hide-0ca3206\" class=\"bdt-show-hide\" data-settings=\"{&quot;id&quot;:&quot;0ca3206&quot;,&quot;status_scrollspy&quot;:&quot;no&quot;,&quot;scrollspy_top_offset&quot;:70,&quot;scrollspy_time&quot;:1000,&quot;toggle_initially_open&quot;:&quot; &quot;,&quot;by_widget_selector_status&quot;:&quot;no&quot;,&quot;viewport_lg&quot;:1023,&quot;viewport_md&quot;:767}\">\n                <div class=\"bdt-show-hide-item \">\n                    <div class=\"bdt-show-hide-content\">\n                        <article class=\"text-token-text-primary w-full focus:outline-none [--shadow-height:45px] has-data-writing-block:pointer-events-none has-data-writing-block:-mt-(--shadow-height) has-data-writing-block:pt-(--shadow-height) [&amp;:has([data-writing-block])&gt;*]:pointer-events-auto scroll-mt-(--header-height)\" dir=\"auto\" tabindex=\"-1\" data-turn-id=\"2efe5378-2a2b-427d-994a-298c8ec08743\" data-testid=\"conversation-turn-3\" data-scroll-anchor=\"false\" data-turn=\"user\"><\/article><article class=\"text-token-text-primary w-full focus:outline-none [--shadow-height:45px] has-data-writing-block:pointer-events-none has-data-writing-block:-mt-(--shadow-height) has-data-writing-block:pt-(--shadow-height) [&amp;:has([data-writing-block])&gt;*]:pointer-events-auto scroll-mt-[calc(var(--header-height)+min(200px,max(70px,20svh)))]\" dir=\"auto\" tabindex=\"-1\" data-turn-id=\"request-WEB:f0193806-3be3-47a1-8cb6-fc2db749e697-1\" data-testid=\"conversation-turn-4\" data-scroll-anchor=\"true\" data-turn=\"assistant\"><div class=\"text-base my-auto mx-auto pb-10 [--thread-content-margin:--spacing(4)] @w-sm\/main:[--thread-content-margin:--spacing(6)] @w-lg\/main:[--thread-content-margin:--spacing(16)] px-(--thread-content-margin)\"><div class=\"[--thread-content-max-width:40rem] @w-lg\/main:[--thread-content-max-width:48rem] mx-auto max-w-(--thread-content-max-width) flex-1 group\/turn-messages focus-visible:outline-hidden relative flex w-full min-w-0 flex-col agent-turn\" tabindex=\"-1\"><div class=\"flex max-w-full flex-col grow\"><div class=\"min-h-8 text-message relative flex w-full flex-col items-end gap-2 text-start break-words whitespace-normal [.text-message+&amp;]:mt-1\" dir=\"auto\" data-message-author-role=\"assistant\" data-message-id=\"b5949c6b-81d6-4e87-b7ba-6f70120e7123\" data-message-model-slug=\"gpt-5-2\"><div class=\"flex w-full flex-col gap-1 empty:hidden first:pt-[1px]\"><div class=\"markdown prose dark:prose-invert w-full wrap-break-word light markdown-new-styling\"><p data-start=\"0\" data-end=\"136\" data-is-last-node=\"\" data-is-only-node=\"\">Za \u010ditanje interaktivnih knjiga prijavite se s istom adresom e-po\u0161te i istom lozinkom koju ste koristili za kupnju interaktivnih knjiga:<\/p><\/div><\/div><\/div><\/div><\/div><\/div><\/article><div class=\"flex flex-col text-sm pb-25\"><article class=\"text-token-text-primary w-full focus:outline-none [--shadow-height:45px] has-data-writing-block:pointer-events-none has-data-writing-block:-mt-(--shadow-height) has-data-writing-block:pt-(--shadow-height) [&amp;:has([data-writing-block])&gt;*]:pointer-events-auto scroll-mt-[calc(var(--header-height)+min(200px,max(70px,20svh)))]\" dir=\"auto\" tabindex=\"-1\" data-turn-id=\"request-WEB:f0193806-3be3-47a1-8cb6-fc2db749e697-2\" data-testid=\"conversation-turn-6\" data-scroll-anchor=\"true\" data-turn=\"assistant\"><div class=\"text-base my-auto mx-auto pb-10 [--thread-content-margin:--spacing(4)] @w-sm\/main:[--thread-content-margin:--spacing(6)] @w-lg\/main:[--thread-content-margin:--spacing(16)] px-(--thread-content-margin)\"><div class=\"[--thread-content-max-width:40rem] @w-lg\/main:[--thread-content-max-width:48rem] mx-auto max-w-(--thread-content-max-width) flex-1 group\/turn-messages focus-visible:outline-hidden relative flex w-full min-w-0 flex-col agent-turn\" tabindex=\"-1\"><div class=\"flex max-w-full flex-col grow\"><div class=\"min-h-8 text-message relative flex w-full flex-col items-end gap-2 text-start break-words whitespace-normal [.text-message+&amp;]:mt-1\" dir=\"auto\" data-message-author-role=\"assistant\" data-message-id=\"a8c98fbc-1deb-4ece-9f13-11495b16ab27\" data-message-model-slug=\"gpt-5-2\"><div class=\"flex w-full flex-col gap-1 empty:hidden first:pt-[1px]\"><div class=\"markdown prose dark:prose-invert w-full wrap-break-word light markdown-new-styling\"><p data-start=\"0\" data-end=\"77\" data-is-last-node=\"\" data-is-only-node=\"\">\u010citajte ih u aplikaciji koju ste preuzeli na svoj iPhone ili Android telefon.<\/p><p><a href=\"https:\/\/app.ebook.dental\/login\"><span style=\"font-size: 16px;\">\u010citajte ih izravno na svom ra\u010dunalu: kliknite na opciju \u201e\u010citaj\u201d u izborniku ove web-stranice.<\/span><\/a><\/p><\/div><\/div><\/div><\/div><\/div><\/div><\/article><\/div><div class=\"text-base my-auto mx-auto [--thread-content-margin:--spacing(4)] @w-sm\/main:[--thread-content-margin:--spacing(6)] @w-lg\/main:[--thread-content-margin:--spacing(16)] px-(--thread-content-margin)\"><div class=\"[--thread-content-max-width:40rem] @w-lg\/main:[--thread-content-max-width:48rem] mx-auto max-w-(--thread-content-max-width) flex-1 group\/turn-messages focus-visible:outline-hidden relative flex w-full min-w-0 flex-col agent-turn\" tabindex=\"-1\"><div class=\"z-0 flex min-h-[46px] justify-start\">\u00a0<\/div><\/div><\/div>                    <\/div>\n\n                    <a class=\"bdt-show-hide-title\" href='javascript:void(0)'>\n                        <!--  -->\n                                                                                                    <!--  -->\n                        <span class=\"bdt-toggle-open\">\n                            Prika\u017ei sve                        <\/span>\n                        <span class=\"bdt-toggle-close\">\n                            Smanjiti                        <\/span>\n                                                                                    <span class=\"bdt-show-hide-icon\" aria-hidden=\"true\">\n\n                                    <span class=\"bdt-show-hide-icon-closed\">\n                                        <i aria-hidden=\"true\" class=\"fa-fw fas fa-plus\"><\/i>                                    <\/span>\n\n                                    <span class=\"bdt-show-hide-icon-opened\">\n                                        <i aria-hidden=\"true\" class=\"fa-fw fas fa-minus\"><\/i>                                    <\/span>\n\n                                <\/span>\n                                                    \n                    <\/a>\n                <\/div>\n            <\/div>\n        <\/div>\n\n\t\t\t\t<\/div>\n\t\t\t\t<\/div>\n\t\t\t\t\t<\/div>\n\t\t<\/div>\n\t\t\t\t\t<\/div>\n\t\t<\/section>\n\t\t\t\t\t<\/div>\n\t\t<\/div>\n\t\t\t\t\t<\/div>\n\t\t<\/section>\n\t\t\t\t<\/div>\n\t\t","protected":false},"excerpt":{"rendered":"<p>Kako to radi? Kupite knjigu Kupite interaktivnu knjigu u na\u0161oj trgovini. Imajte na umu da su neke knjige besplatne. Ako je ovo va\u0161a prva narud\u017eba, automatski \u0107e vam biti stvoren ra\u010dun koji vam omogu\u0107uje pristup va\u0161em osobnom prostoru za pregled narud\u017ebi, promjenu lozinke i jo\u0161 mnogo toga. Molimo vas da na sigurnom \u010duvate svoje podatke [&hellip;]<\/p>\n","protected":false},"author":460,"featured_media":0,"parent":0,"menu_order":0,"comment_status":"closed","ping_status":"closed","template":"","meta":{"_uag_custom_page_level_css":"","site-sidebar-layout":"no-sidebar","site-content-layout":"page-builder","ast-site-content-layout":"full-width-container","site-content-style":"default","site-sidebar-style":"default","ast-global-header-display":"","ast-banner-title-visibility":"","ast-main-header-display":"","ast-hfb-above-header-display":"","ast-hfb-below-header-display":"","ast-hfb-mobile-header-display":"","site-post-title":"disabled","ast-breadcrumbs-content":"","ast-featured-img":"disabled","footer-sml-layout":"","theme-transparent-header-meta":"","adv-header-id-meta":"","stick-header-meta":"","header-above-stick-meta":"","header-main-stick-meta":"","header-below-stick-meta":"","astra-migrate-meta-layouts":"set","ast-page-background-enabled":"default","ast-page-background-meta":{"desktop":{"background-color":"","background-image":"","background-repeat":"repeat","background-position":"center center","background-size":"auto","background-attachment":"scroll","background-type":"","background-media":"","overlay-type":"","overlay-color":"","overlay-opacity":"","overlay-gradient":""},"tablet":{"background-color":"","background-image":"","background-repeat":"repeat","background-position":"center center","background-size":"auto","background-attachment":"scroll","background-type":"","background-media":"","overlay-type":"","overlay-color":"","overlay-opacity":"","overlay-gradient":""},"mobile":{"background-color":"","background-image":"","background-repeat":"repeat","background-position":"center center","background-size":"auto","background-attachment":"scroll","background-type":"","background-media":"","overlay-type":"","overlay-color":"","overlay-opacity":"","overlay-gradient":""}},"ast-content-background-meta":{"desktop":{"background-color":"var(--ast-global-color-5)","background-image":"","background-repeat":"repeat","background-position":"center center","background-size":"auto","background-attachment":"scroll","background-type":"","background-media":"","overlay-type":"","overlay-color":"","overlay-opacity":"","overlay-gradient":""},"tablet":{"background-color":"var(--ast-global-color-5)","background-image":"","background-repeat":"repeat","background-position":"center center","background-size":"auto","background-attachment":"scroll","background-type":"","background-media":"","overlay-type":"","overlay-color":"","overlay-opacity":"","overlay-gradient":""},"mobile":{"background-color":"var(--ast-global-color-5)","background-image":"","background-repeat":"repeat","background-position":"center center","background-size":"auto","background-attachment":"scroll","background-type":"","background-media":"","overlay-type":"","overlay-color":"","overlay-opacity":"","overlay-gradient":""}},"footnotes":""},"class_list":["post-9051","page","type-page","status-publish","hentry"],"lang":"hr","translations":{"hr":9051,"it":5871,"en":96,"de":6235,"es":6245},"uagb_featured_image_src":{"full":false,"thumbnail":false,"medium":false,"medium_large":false,"large":false,"1536x1536":false,"2048x2048":false,"woocommerce_thumbnail":false,"woocommerce_single":false,"woocommerce_gallery_thumbnail":false},"uagb_author_info":{"display_name":"riccardo","author_link":"https:\/\/you.dental\/?author=460"},"uagb_comment_info":0,"uagb_excerpt":"Kako to radi? Kupite knjigu Kupite interaktivnu knjigu u na\u0161oj trgovini. Imajte na umu da su neke knjige besplatne. Ako je ovo va\u0161a prva narud\u017eba, automatski \u0107e vam biti stvoren ra\u010dun koji vam omogu\u0107uje pristup va\u0161em osobnom prostoru za pregled narud\u017ebi, promjenu lozinke i jo\u0161 mnogo toga. Molimo vas da na sigurnom \u010duvate svoje podatke&hellip;","jetpack_sharing_enabled":true,"pll_sync_post":[],"_links":{"self":[{"href":"https:\/\/you.dental\/index.php?rest_route=\/wp\/v2\/pages\/9051","targetHints":{"allow":["GET"]}}],"collection":[{"href":"https:\/\/you.dental\/index.php?rest_route=\/wp\/v2\/pages"}],"about":[{"href":"https:\/\/you.dental\/index.php?rest_route=\/wp\/v2\/types\/page"}],"author":[{"embeddable":true,"href":"https:\/\/you.dental\/index.php?rest_route=\/wp\/v2\/users\/460"}],"replies":[{"embeddable":true,"href":"https:\/\/you.dental\/index.php?rest_route=%2Fwp%2Fv2%2Fcomments&post=9051"}],"version-history":[{"count":11,"href":"https:\/\/you.dental\/index.php?rest_route=\/wp\/v2\/pages\/9051\/revisions"}],"predecessor-version":[{"id":9171,"href":"https:\/\/you.dental\/index.php?rest_route=\/wp\/v2\/pages\/9051\/revisions\/9171"}],"wp:attachment":[{"href":"https:\/\/you.dental\/index.php?rest_route=%2Fwp%2Fv2%2Fmedia&parent=9051"}],"curies":[{"name":"wp","href":"https:\/\/api.w.org\/{rel}","templated":true}]}}