{"id":9074,"date":"2026-02-23T15:16:52","date_gmt":"2026-02-23T15:16:52","guid":{"rendered":"https:\/\/you.dental\/?page_id=9074"},"modified":"2026-02-24T11:32:22","modified_gmt":"2026-02-24T11:32:22","slug":"cookie-policy","status":"publish","type":"page","link":"https:\/\/you.dental\/?page_id=9074&lang=hr","title":{"rendered":"Cookie Policy"},"content":{"rendered":"\t\t<div data-elementor-type=\"wp-page\" data-elementor-id=\"9074\" class=\"elementor elementor-9074\" data-elementor-post-type=\"page\">\n\t\t\t\t\t\t<section class=\"elementor-section elementor-top-section elementor-element elementor-element-1fe7cb2b elementor-section-boxed elementor-section-height-default elementor-section-height-default\" data-id=\"1fe7cb2b\" data-element_type=\"section\">\n\t\t\t\t\t\t<div class=\"elementor-container elementor-column-gap-default\">\n\t\t\t\t\t<div class=\"elementor-column elementor-col-100 elementor-top-column elementor-element elementor-element-231868e3\" data-id=\"231868e3\" data-element_type=\"column\">\n\t\t\t<div class=\"elementor-widget-wrap elementor-element-populated\">\n\t\t\t\t\t\t<div class=\"elementor-element elementor-element-90b0242 elementor-widget elementor-widget-text-editor\" data-id=\"90b0242\" data-element_type=\"widget\" data-widget_type=\"text-editor.default\">\n\t\t\t\t<div class=\"elementor-widget-container\">\n\t\t\t\t\t\t\t\t\t<h1>Cookie Policy<\/h1><p>Ovaj dokument sadr\u017ei informacije o tehnologijama koje omogu\u0107uju ovoj Aplikaciji postizanje svrha opisanih u nastavku. Te tehnologije omogu\u0107uju Voditelju obrade prikupljanje i pohranu informacija (npr. putem kola\u010di\u0107a) ili kori\u0161tenje resursa (npr. pokretanje skripti) na ure\u0111aju Korisnika kada Korisnik koristi ovu Aplikaciju.<\/p><p>Radi jednostavnosti, ove se tehnologije u ovom dokumentu zajedni\u010dki nazivaju <strong>\u201eAlati za pra\u0107enje\u201c<\/strong> osim ako postoji razlog za njihovo razlikovanje.<\/p><p>Na primjer, iako se kola\u010di\u0107i mogu koristiti u web i mobilnim preglednicima, ne bi bilo prikladno govoriti o kola\u010di\u0107ima u kontekstu mobilnih aplikacija, budu\u0107i da su oni alati za pra\u0107enje koji zahtijevaju prisutnost preglednika. Iz tog razloga, pojam <strong>\u201ekola\u010di\u0107\u201c<\/strong> u ovom dokumentu koristi se posebno za taj odre\u0111eni tip alata za pra\u0107enje.<\/p><p>Neki od razloga zbog kojih se koriste alati za pra\u0107enje mogu zahtijevati privolu Korisnika. Ako je privola dana, mo\u017ee se slobodno povu\u0107i u bilo kojem trenutku slijede\u0107i upute iz ovog dokumenta.<\/p><p>Ova Aplikacija koristi alate za pra\u0107enje kojima izravno upravlja Voditelj obrade (tzv. <strong>alati za pra\u0107enje prve strane<\/strong>) i alate za pra\u0107enje koji omogu\u0107uju usluge koje pru\u017eaju tre\u0107e strane (<strong>alati za pra\u0107enje tre\u0107e strane<\/strong>). Ako u ovom dokumentu nije druga\u010dije navedeno, tre\u0107e strane imaju pristup svojim odgovaraju\u0107im alatima za pra\u0107enje.<\/p><p>Trajanje i istek kola\u010di\u0107a i sli\u010dnih alata za pra\u0107enje mo\u017ee varirati ovisno o postavkama Voditelja obrade ili svakog pojedinog pru\u017eatelja usluga tre\u0107e strane. Neki od njih isteknu na kraju sesije pregledavanja Korisnika.<\/p><p>Osim onoga \u0161to je navedeno u opisu svake od kategorija u nastavku, Korisnici mogu dobiti detaljnije a\u017eurirane informacije o trajanju, kao i o svim drugim relevantnim informacijama (npr. prisutnost drugih alata za pra\u0107enje) u politikama privatnosti odgovaraju\u0107ih pru\u017eatelja tre\u0107e strane (putem prilo\u017eenih poveznica) ili kontaktiranjem Voditelja obrade.<\/p><p><strong>Aktivnosti strogo potrebne za rad ove Aplikacije i pru\u017eanje Usluge<\/strong><br \/>Ova Aplikacija koristi kola\u010di\u0107e koji se obi\u010dno nazivaju <strong>\u201etehni\u010dki\u201c<\/strong> ili druge sli\u010dne alate za pra\u0107enje za obavljanje aktivnosti koje su strogo potrebne za rad ili pru\u017eanje Usluge.<\/p><p><strong>Ostale aktivnosti koje uklju\u010duju kori\u0161tenje alata za pra\u0107enje<\/strong><\/p><p><strong>Mjerenje<\/strong><br \/>Ova Aplikacija koristi alate za pra\u0107enje za mjerenje prometa i analizu pona\u0161anja Korisnika s ciljem pobolj\u0161anja Usluge.<\/p><p><strong>Statistika<\/strong><br \/>Usluge u ovom odjeljku omogu\u0107uju Voditelju obrade pra\u0107enje i analizu podataka o prometu te pra\u0107enje pona\u0161anja Korisnika.<\/p><p><strong>Google Analytics (Google Ireland Limited)<\/strong><br \/>Google Analytics je web analiti\u010dka usluga koju pru\u017ea Google Ireland Limited (\u201eGoogle\u201c). Google koristi prikupljene osobne podatke za pra\u0107enje i analizu kori\u0161tenja ove Aplikacije, izradu izvje\u0161taja i njihovo dijeljenje s drugim Google uslugama. Google mo\u017ee koristiti osobne podatke za kontekstualizaciju i personalizaciju oglasa u svojoj reklamnoj mre\u017ei.<br \/><strong>Obra\u0111eni osobni podaci:<\/strong> Podaci o kori\u0161tenju i alat za pra\u0107enje.<br \/><strong>Mjesto obrade:<\/strong> Irska \u2013 <a href=\"https:\/\/policies.google.com\/privacy\">Politika privatnosti<\/a> \u2013 Isklju\u010divanje (Opt Out).<\/p><p><strong>Trajanje pohrane:<\/strong><\/p><ul><li>AMP_TOKEN: 1 sat<\/li><li>_ga: 2 godine<\/li><li>_gac*: 3 mjeseca<\/li><li>_gat: 1 minuta<\/li><li>_gid: 1 dan<\/li><\/ul><p>\u00a0<\/p>\t\t\t\t\t\t\t\t<\/div>\n\t\t\t\t<\/div>\n\t\t\t\t\t<\/div>\n\t\t<\/div>\n\t\t\t\t\t<\/div>\n\t\t<\/section>\n\t\t\t\t<\/div>\n\t\t","protected":false},"excerpt":{"rendered":"<p>Cookie Policy Ovaj dokument sadr\u017ei informacije o tehnologijama koje omogu\u0107uju ovoj Aplikaciji postizanje svrha opisanih u nastavku. Te tehnologije omogu\u0107uju Voditelju obrade prikupljanje i pohranu informacija (npr. putem kola\u010di\u0107a) ili kori\u0161tenje resursa (npr. pokretanje skripti) na ure\u0111aju Korisnika kada Korisnik koristi ovu Aplikaciju. Radi jednostavnosti, ove se tehnologije u ovom dokumentu zajedni\u010dki nazivaju \u201eAlati za [&hellip;]<\/p>\n","protected":false},"author":460,"featured_media":0,"parent":0,"menu_order":0,"comment_status":"closed","ping_status":"closed","template":"","meta":{"_uag_custom_page_level_css":"","site-sidebar-layout":"no-sidebar","site-content-layout":"page-builder","ast-site-content-layout":"full-width-container","site-content-style":"unboxed","site-sidebar-style":"unboxed","ast-global-header-display":"","ast-banner-title-visibility":"","ast-main-header-display":"","ast-hfb-above-header-display":"","ast-hfb-below-header-display":"","ast-hfb-mobile-header-display":"","site-post-title":"disabled","ast-breadcrumbs-content":"","ast-featured-img":"disabled","footer-sml-layout":"","theme-transparent-header-meta":"","adv-header-id-meta":"","stick-header-meta":"","header-above-stick-meta":"","header-main-stick-meta":"","header-below-stick-meta":"","astra-migrate-meta-layouts":"set","ast-page-background-enabled":"default","ast-page-background-meta":{"desktop":{"background-color":"","background-image":"","background-repeat":"repeat","background-position":"center center","background-size":"auto","background-attachment":"scroll","background-type":"","background-media":"","overlay-type":"","overlay-color":"","overlay-opacity":"","overlay-gradient":""},"tablet":{"background-color":"","background-image":"","background-repeat":"repeat","background-position":"center center","background-size":"auto","background-attachment":"scroll","background-type":"","background-media":"","overlay-type":"","overlay-color":"","overlay-opacity":"","overlay-gradient":""},"mobile":{"background-color":"","background-image":"","background-repeat":"repeat","background-position":"center center","background-size":"auto","background-attachment":"scroll","background-type":"","background-media":"","overlay-type":"","overlay-color":"","overlay-opacity":"","overlay-gradient":""}},"ast-content-background-meta":{"desktop":{"background-color":"var(--ast-global-color-5)","background-image":"","background-repeat":"repeat","background-position":"center center","background-size":"auto","background-attachment":"scroll","background-type":"","background-media":"","overlay-type":"","overlay-color":"","overlay-opacity":"","overlay-gradient":""},"tablet":{"background-color":"var(--ast-global-color-5)","background-image":"","background-repeat":"repeat","background-position":"center center","background-size":"auto","background-attachment":"scroll","background-type":"","background-media":"","overlay-type":"","overlay-color":"","overlay-opacity":"","overlay-gradient":""},"mobile":{"background-color":"var(--ast-global-color-5)","background-image":"","background-repeat":"repeat","background-position":"center center","background-size":"auto","background-attachment":"scroll","background-type":"","background-media":"","overlay-type":"","overlay-color":"","overlay-opacity":"","overlay-gradient":""}},"footnotes":""},"class_list":["post-9074","page","type-page","status-publish","hentry"],"lang":"hr","translations":{"hr":9074,"it":6017,"en":5555,"de":6038,"es":6072},"uagb_featured_image_src":{"full":false,"thumbnail":false,"medium":false,"medium_large":false,"large":false,"1536x1536":false,"2048x2048":false,"woocommerce_thumbnail":false,"woocommerce_single":false,"woocommerce_gallery_thumbnail":false},"uagb_author_info":{"display_name":"riccardo","author_link":"https:\/\/you.dental\/?author=460"},"uagb_comment_info":0,"uagb_excerpt":"Cookie Policy Ovaj dokument sadr\u017ei informacije o tehnologijama koje omogu\u0107uju ovoj Aplikaciji postizanje svrha opisanih u nastavku. Te tehnologije omogu\u0107uju Voditelju obrade prikupljanje i pohranu informacija (npr. putem kola\u010di\u0107a) ili kori\u0161tenje resursa (npr. pokretanje skripti) na ure\u0111aju Korisnika kada Korisnik koristi ovu Aplikaciju. Radi jednostavnosti, ove se tehnologije u ovom dokumentu zajedni\u010dki nazivaju \u201eAlati za&hellip;","jetpack_sharing_enabled":true,"pll_sync_post":[],"_links":{"self":[{"href":"https:\/\/you.dental\/index.php?rest_route=\/wp\/v2\/pages\/9074","targetHints":{"allow":["GET"]}}],"collection":[{"href":"https:\/\/you.dental\/index.php?rest_route=\/wp\/v2\/pages"}],"about":[{"href":"https:\/\/you.dental\/index.php?rest_route=\/wp\/v2\/types\/page"}],"author":[{"embeddable":true,"href":"https:\/\/you.dental\/index.php?rest_route=\/wp\/v2\/users\/460"}],"replies":[{"embeddable":true,"href":"https:\/\/you.dental\/index.php?rest_route=%2Fwp%2Fv2%2Fcomments&post=9074"}],"version-history":[{"count":8,"href":"https:\/\/you.dental\/index.php?rest_route=\/wp\/v2\/pages\/9074\/revisions"}],"predecessor-version":[{"id":9137,"href":"https:\/\/you.dental\/index.php?rest_route=\/wp\/v2\/pages\/9074\/revisions\/9137"}],"wp:attachment":[{"href":"https:\/\/you.dental\/index.php?rest_route=%2Fwp%2Fv2%2Fmedia&parent=9074"}],"curies":[{"name":"wp","href":"https:\/\/api.w.org\/{rel}","templated":true}]}}