{"id":9086,"date":"2026-02-24T11:33:51","date_gmt":"2026-02-24T11:33:51","guid":{"rendered":"https:\/\/you.dental\/?page_id=9086"},"modified":"2026-02-24T11:33:51","modified_gmt":"2026-02-24T11:33:51","slug":"privacy-policy-2","status":"publish","type":"page","link":"https:\/\/you.dental\/?page_id=9086&lang=hr","title":{"rendered":"Privacy Policy"},"content":{"rendered":"\t\t<div data-elementor-type=\"wp-page\" data-elementor-id=\"9086\" class=\"elementor elementor-9086\" data-elementor-post-type=\"page\">\n\t\t\t\t\t\t<section class=\"elementor-section elementor-top-section elementor-element elementor-element-32b6b254 elementor-section-boxed elementor-section-height-default elementor-section-height-default\" data-id=\"32b6b254\" data-element_type=\"section\">\n\t\t\t\t\t\t<div class=\"elementor-container elementor-column-gap-default\">\n\t\t\t\t\t<div class=\"elementor-column elementor-col-100 elementor-top-column elementor-element elementor-element-eefce30\" data-id=\"eefce30\" data-element_type=\"column\">\n\t\t\t<div class=\"elementor-widget-wrap elementor-element-populated\">\n\t\t\t\t\t\t<div class=\"elementor-element elementor-element-c8577ec elementor-widget elementor-widget-heading\" data-id=\"c8577ec\" data-element_type=\"widget\" data-widget_type=\"heading.default\">\n\t\t\t\t<div class=\"elementor-widget-container\">\n\t\t\t\t\t<h1 class=\"elementor-heading-title elementor-size-default\"><p style=\"font-size: 16px;font-style: normal;font-weight: 400;, sans-serif\"><span style=\"color: var(--ast-global-color-2);font-family: Dosis, sans-serif;font-size: 3.25rem;font-style: inherit;font-weight: 800;background-color: var(--ast-global-color-4)\">Politika privatnosti you.dental<\/span><span style=\"font-family: Dosis, sans-serif;font-size: 3.25rem;font-style: inherit;font-weight: 800\"><\/span><\/p><\/h1>\t\t\t\t<\/div>\n\t\t\t\t<\/div>\n\t\t\t\t<div class=\"elementor-element elementor-element-6c176c0 elementor-widget__width-initial elementor-widget elementor-widget-text-editor\" data-id=\"6c176c0\" data-element_type=\"widget\" data-widget_type=\"text-editor.default\">\n\t\t\t\t<div class=\"elementor-widget-container\">\n\t\t\t\t\t\t\t\t\t<p>Ova aplikacija prikuplja odre\u0111ene osobne podatke svojih korisnika.<br \/>Ovaj dokument mo\u017ee se ispisati pomo\u0107u naredbe za ispis koja se nalazi u postavkama bilo kojeg preglednika.<\/p><p>Voditelj obrade podataka<br \/>teamwork media srl \u2013 via Sicilia, 21a \u2013 25069 Villa Carcina (BS)<br \/>E-mail adresa voditelja obrade podataka: info@teamwork-media.com<\/p><p>Vrste prikupljenih podataka<br \/>Me\u0111u osobnim podacima koje prikuplja ova aplikacija, bilo samostalno ili putem tre\u0107ih strana, nalaze se: podaci o kori\u0161tenju; alati za pra\u0107enje; ime; prezime; e-mail adresa; telefonski broj; podaci o pla\u0107anju; adresa za naplatu.<br \/>Potpuni podaci o svakoj vrsti prikupljenih podataka nalaze se u posebnim odjeljcima ove politike privatnosti ili putem specifi\u010dnih informativnih tekstova prikazanih prije samog prikupljanja podataka.<br \/>Ako nije druga\u010dije navedeno, svi podaci koje tra\u017ei ova aplikacija su obvezni. Ako korisnik odbije pru\u017eiti tra\u017eene podatke, mo\u017ee biti nemogu\u0107e da aplikacija pru\u017ei uslugu. U slu\u010dajevima kada aplikacija ozna\u010di odre\u0111ene podatke kao opcionalne, korisnici su slobodni ne pru\u017eiti te podatke, bez ikakvih posljedica na dostupnost ili funkcioniranje usluge.<\/p><p>Korisnici koji imaju nedoumice o tome koji su podaci obvezni poti\u010du se da kontaktiraju voditelja obrade podataka.<br \/>Kori\u0161tenje kola\u010di\u0107a (Cookies) \u2013 ili drugih alata za pra\u0107enje \u2013 od strane ove aplikacije ili od strane pru\u017eatelja usluga tre\u0107ih strana koji se koriste u okviru aplikacije, osim ako nije druga\u010dije navedeno, slu\u017ei svrsi pru\u017eanja usluge koju je zatra\u017eio korisnik, uz sve druge svrhe opisane u ovom dokumentu i u politici kola\u010di\u0107a, ako je dostupna.<\/p><p>Korisnik preuzima odgovornost za osobne podatke tre\u0107ih strana dobivene, objavljene ili podijeljene putem ove aplikacije te jam\u010di da ima pravo komunicirati ili otkriti te podatke, osloba\u0111aju\u0107i voditelja obrade podataka od bilo kakve odgovornosti prema tre\u0107im stranama.<br \/>Osobni podaci mogu se slobodno pru\u017eiti od strane korisnika ili, u slu\u010daju podataka o kori\u0161tenju, automatski prikupljati tijekom kori\u0161tenja ove aplikacije.<\/p><p>Metode i lokacija obrade podataka<\/p><p>Metode obrade<br \/>Voditelj obrade podataka primjenjuje odgovaraju\u0107e sigurnosne mjere kako bi sprije\u010dio neovla\u0161teni pristup, otkrivanje, izmjenu ili uni\u0161tenje osobnih podataka.<br \/>Obrada se provodi kori\u0161tenjem ra\u010dunala i\/ili IT alata, uz organizacijske metode i logike strogo povezane s navedenim svrhama. Osim voditelja obrade, u nekim slu\u010dajevima podaci mogu biti dostupni odre\u0111enim osobama odgovornim za rad ove aplikacije (administracija, prodaja, marketing, pravni odjel, sistemska administracija) ili vanjskim stranama (kao \u0161to su pru\u017eatelji tehni\u010dkih usluga tre\u0107ih strana, po\u0161tanski dostavlja\u010di, hosting pru\u017eatelji, IT tvrtke, komunikacijske agencije) koje, ako je potrebno, voditelj obrade imenuje kao obra\u0111iva\u010de podataka. A\u017eurirani popis obra\u0111iva\u010da podataka mo\u017ee se uvijek zatra\u017eiti od voditelja obrade.<\/p><p>Pravna osnova obrade<br \/>Voditelj obrade obra\u0111uje osobne podatke korisnika ako je ispunjen jedan od sljede\u0107ih uvjeta:<br \/>\u2022 Korisnik je dao pristanak za jednu ili vi\u0161e specifi\u010dnih svrha; Napomena: U nekim jurisdikcijama, voditelj obrade mo\u017ee biti ovla\u0161ten obra\u0111ivati osobne podatke bez pristanka korisnika ili druge pravne osnove navedene u nastavku, sve dok korisnik ne prigovori (\u201eopt-out\u201c) toj obradi. Ovo se ne primjenjuje ako obrada osobnih podataka podlije\u017ee europskim zakonima o za\u0161titi podataka;<br \/>\u2022 Obrada je nu\u017ena za izvr\u0161enje ugovora s korisnikom i\/ili za bilo koje predugovorne obveze;<br \/>\u2022 Obrada je nu\u017ena za ispunjenje zakonske obveze kojoj je voditelj obrade podlo\u017ean;<br \/>\u2022 Obrada je povezana s zadatkom koji se provodi u javnom interesu ili u izvr\u0161avanju slu\u017ebene ovlasti dodijeljene voditelju obrade;<br \/>\u2022 Obrada je nu\u017ena u svrhu legitimnih interesa koje ostvaruje voditelj obrade ili tre\u0107a strana.<br \/>U svakom slu\u010daju, voditelj obrade rado \u0107e pomo\u0107i u razja\u0161njavanju konkretne pravne osnove koja se primjenjuje na svaku obradu, i posebno, da li je pru\u017eanje osobnih podataka zakonska ili ugovorna obveza, odnosno uvjet potreban za sklapanje ugovora.<\/p><p>Lokacija<br \/>Podaci se obra\u0111uju u poslovnim prostorijama voditelja obrade i na svim drugim mjestima gdje se nalaze sudionici obrade. Za dodatne informacije molimo kontaktirajte voditelja obrade.<br \/>Osobni podaci korisnika mogu biti preneseni u zemlju koja nije zemlja prebivali\u0161ta korisnika. Za vi\u0161e informacija o lokaciji obrade, korisnik se mo\u017ee obratiti odjeljku koji se odnosi na detalje obrade osobnih podataka.<br \/>Korisnik ima pravo dobiti informacije o pravnoj osnovi za prijenos podataka izvan Europske unije ili me\u0111unarodnoj organizaciji reguliranoj javnim me\u0111unarodnim pravom ili uspostavljenoj od strane dviju ili vi\u0161e dr\u017eava, kao \u0161to je UN, kao i o sigurnosnim mjerama koje voditelj obrade primjenjuje radi za\u0161tite podataka.<br \/>Korisnik mo\u017ee provjeriti provodi li se neki od opisanih prijenosa tako da se obrati odgovaraju\u0107im odjeljcima ovog dokumenta ili zatra\u017ei informacije od voditelja obrade putem gore navedenih kontakt podataka.<\/p><p>Analitika<br \/>Usluge sadr\u017eane u ovom odjeljku omogu\u0107uju Vlasniku pra\u0107enje i analizu podataka o web prometu te se koriste za pra\u0107enje pona\u0161anja Korisnika.<br \/>Google Analytics (Google Ireland Limited)<br \/>Google Analytics je usluga web analitike koju pru\u017ea Google Ireland Limited (\u201eGoogle\u201c). Google koristi prikupljene osobne podatke za pra\u0107enje i analizu kori\u0161tenja ove Aplikacije, pripremu izvje\u0161taja te njihovo dijeljenje s drugim Google uslugama.<br \/>Google mo\u017ee koristiti osobne podatke za kontekstualizaciju i personalizaciju oglasa u svojoj reklamnoj mre\u017ei.<br \/>Obra\u0111eni osobni podaci: Podaci o kori\u0161tenju; Tracker.<br \/>Mjesto obrade: Irska \u2013 Politika privatnosti \u2013 Isklju\u010divanje (Opt Out).<\/p><p>Prikazivanje sadr\u017eaja s vanjskih platformi<br \/>Ova vrsta usluge omogu\u0107uje pregled sadr\u017eaja hostanog na vanjskim platformama izravno s stranica ove Aplikacije i interakciju s njima.<br \/>Ova vrsta usluge i dalje mo\u017ee prikupljati podatke o web prometu za stranice na kojima je usluga instalirana, \u010dak i kada Korisnici ne koriste uslugu.<\/p><p>Google Fonts (Google Ireland Limited)<br \/>Google Fonts je usluga vizualizacije fontova koju pru\u017ea Google Ireland Limited, a omogu\u0107uje ovoj Aplikaciji uklju\u010divanje takvog sadr\u017eaja unutar svojih stranica.<br \/>Obra\u0111eni osobni podaci: Podaci o kori\u0161tenju; razli\u010dite vrste podataka kako je navedeno u politici privatnosti usluge.<br \/>Mjesto obrade: Irska \u2013 Politika privatnosti.<br \/>Font Awesome (Fonticons, Inc.)<br \/>Font Awesome je usluga vizualizacije fontova koju pru\u017ea Fonticons, Inc., a omogu\u0107uje ovoj Aplikaciji uklju\u010divanje takvog sadr\u017eaja unutar svojih stranica.<br \/>Obra\u0111eni osobni podaci: Podaci o kori\u0161tenju.<br \/>Mjesto obrade: Sjedinjene Ameri\u010dke Dr\u017eave \u2013 Politika privatnosti.<br \/>Dodatne informacije o obradi osobnih podataka<br \/>Prodaja dobara i usluga putem interneta<br \/>Prikupljeni osobni podaci koriste se za pru\u017eanje usluga Korisniku ili prodaju proizvoda, uklju\u010duju\u0107i pla\u0107anje i eventualnu dostavu. Osobni podaci prikupljeni za obradu pla\u0107anja mogu uklju\u010divati podatke o kreditnoj kartici, bankovni ra\u010dun kori\u0161ten za prijenos ili bilo koji drugi pru\u017eeni instrument pla\u0107anja.<\/p><p>Podaci o pla\u0107anju prikupljeni ovom Aplikacijom ovise o kori\u0161tenom sustavu pla\u0107anja.Prava korisnika<br \/>Korisnici mogu ostvariti odre\u0111ena prava u vezi s njihovim podacima koje obra\u0111uje Voditelj obrade.Konkretno, Korisnici imaju pravo:<br \/>Povla\u010denja privole u bilo kojem trenutku. Korisnici imaju pravo povu\u0107i svoju privolu ako su prethodno dali privolu za obradu svojih osobnih podataka.<br \/>Prigovor na obradu svojih podataka. Korisnici imaju pravo prigovoriti na obradu svojih podataka ako se obrada provodi na pravnoj osnovi druga\u010dijoj od privole. Dodatni detalji navedeni su u zasebnom odjeljku u nastavku.<br \/>Pristup svojim podacima. Korisnici imaju pravo saznati obra\u0111uje li Voditelj obrade njihove podatke, dobiti informacije o odre\u0111enim aspektima obrade te dobiti kopiju podataka koji se obra\u0111uju.<br \/>Provjera i ispravak podataka. Korisnici imaju pravo provjeriti to\u010dnost svojih podataka i zatra\u017eiti njihovu a\u017euraciju ili ispravak.<br \/>Ograni\u010denje obrade svojih podataka. Korisnici imaju pravo, pod odre\u0111enim okolnostima, ograni\u010diti obradu svojih podataka. U tom slu\u010daju, Voditelj obrade ne\u0107e obra\u0111ivati podatke ni u jednu svrhu osim za pohranu.<\/p><p>Brisanje svojih osobnih podataka ili njihovo uklanjanje. Korisnici imaju pravo, pod odre\u0111enim okolnostima, zatra\u017eiti brisanje svojih podataka od strane Voditelja obrade.<br \/>Primanje svojih podataka i njihova prijenosa drugom voditelju. Korisnici imaju pravo primiti svoje podatke u strukturiranom, uobi\u010dajenom i strojno \u010ditljivom formatu te, ako je tehni\u010dki izvedivo, prenijeti ih drugom voditelju bez prepreka. Ovo pravo vrijedi pod uvjetom da se podaci obra\u0111uju automatiziranim sredstvima i da je obrada temeljem privole Korisnika, ugovora u kojem je Korisnik stranka ili predugovorne obveze.<br \/>Podno\u0161enje pritu\u017ebe. Korisnici imaju pravo podnijeti pritu\u017ebu nadle\u017enom tijelu za za\u0161titu podataka ili tra\u017eiti pravnu za\u0161titu pred sudom.<\/p><p>Detalji o pravu na prigovor na obradu<br \/>Ako se osobni podaci obra\u0111uju u javnom interesu, u izvr\u0161avanju slu\u017ebene ovlasti Voditelja obrade ili u svrhu legitimnih interesa Voditelja obrade, Korisnici mogu prigovoriti takvoj obradi pru\u017eaju\u0107i razlog vezan uz njihovu specifi\u010dnu situaciju za opravdanje prigovora.Korisnicima se napominje da, ako se njihovi osobni podaci obra\u0111uju u svrhu izravnog marketinga, mogu prigovoriti toj obradi bez navo\u0111enja ikakvog opravdanja. Za provjeru obra\u0111uje li Voditelj obrade osobne podatke u svrhu izravnog marketinga, Korisnici se mogu obratiti odgovaraju\u0107im odjeljcima ovog dokumenta.Kako ostvariti ova prava<\/p><p>Za ostvarivanje svojih prava, Korisnici mogu poslati zahtjev na kontakt podatke Voditelja obrade navedene u ovom dokumentu. Zahtjevi su besplatni i Voditelj obrade ih obra\u0111uje \u0161to je prije mogu\u0107e, najkasnije u roku od jednog mjeseca.Ova Aplikacija koristi alate za pra\u0107enje (Tracking Tools). Za vi\u0161e informacija, Korisnici se mogu konzultirati s Politikom kola\u010di\u0107a.Daljnje informacije o obradi podatakaObrana u pravnim postupcima<\/p><p>Osobni podaci Korisnika mogu se koristiti od strane Voditelja obrade u pravnim postupcima ili u fazama koje prethode mogu\u0107im pravnim radnjama koje proizlaze iz nepravilne upotrebe ove Aplikacije ili povezanih usluga od strane Korisnika.<br \/>Korisnik izjavljuje da je svjestan da Voditelj obrade mo\u017ee biti obvezan otkriti podatke na zahtjev javnih tijela.Specifi\u010dne informacije<\/p><p>Na zahtjev Korisnika, osim informacija sadr\u017eanih u ovoj politici privatnosti, ova Aplikacija mo\u017ee pru\u017eiti dodatne i kontekstualne informacije u vezi s odre\u0111enim uslugama ili prikupljanjem i obradom osobnih podataka.Sistemski zapisi i odr\u017eavanje<br \/>Radi rada i odr\u017eavanja, ova Aplikacija i bilo koje usluge tre\u0107ih strana koje koristi, mogu prikupljati sistemske zapise (logove) koji su datoteke koje bilje\u017ee interakcije, a mogu sadr\u017eavati i osobne podatke, poput IP adrese Korisnika.Informacije koje nisu sadr\u017eane u ovoj politici<br \/>Daljnje informacije u vezi s obradom osobnih podataka mogu se u bilo kojem trenutku zatra\u017eiti od Voditelja obrade putem kontakt podataka.Odgovor na zahtjeve \u201cDo Not Track\u201d<br \/>Ova Aplikacija ne podr\u017eava zahtjeve \u201cDo Not Track\u201d.<br \/>Da bi saznali podr\u017eavaju li to usluge tre\u0107ih strana koje se koriste, Korisnici se poti\u010du da konzultiraju odgovaraju\u0107e politike privatnosti.Promjene ove politike privatnosti<br \/>Voditelj obrade zadr\u017eava pravo izmjene ove politike privatnosti u bilo kojem trenutku obavje\u0161tavanjem Korisnika na ovoj stranici i, ako je mogu\u0107e, unutar same Aplikacije, kao i dostavljanjem obavijesti Korisnicima putem dostupnih kontakt podataka. Preporu\u010duje se redovito provjeravanje ove stranice, obra\u0107aju\u0107i pa\u017enju na datum posljednje izmjene naveden na dnu.<\/p><p>Ako promjene utje\u010du na aktivnosti obrade temeljene na privoli, Voditelj obrade \u0107e ponovno prikupiti privolu Korisnika, ako je to potrebno.Definicije i pravne referenceOsobni podaci (ili Podaci)<br \/>Osobni podaci ozna\u010davaju bilo koju informaciju koja se odnosi na fizi\u010dku osobu koja se mo\u017ee identificirati ili je identificiraju\u0107a, izravno ili neizravno, pozivanjem na bilo koju drugu informaciju, uklju\u010duju\u0107i osobni identifikacijski broj.Podaci o kori\u0161tenju<br \/>Podaci o kori\u0161tenju su informacije automatski prikupljene putem ove Aplikacije (ili usluga tre\u0107ih strana kori\u0161tenih u ovoj Aplikaciji), koje mogu uklju\u010divati: IP adrese ili nazive domena ra\u010dunala koja koriste Korisnici ove Aplikacije, URI adrese (Uniform Resource Identifier), vrijeme zahtjeva, metodu kori\u0161tenu za slanje zahtjeva poslu\u017eitelju, veli\u010dinu datoteke primljene u odgovoru, numeri\u010dki kod koji ozna\u010dava status odgovora poslu\u017eitelja (uspje\u0161an ishod, pogre\u0161ka itd.), zemlju podrijetla, karakteristike preglednika i operativnog sustava koji koristi Korisnik, razli\u010dite vremenske detalje po posjeti (npr. vrijeme provedeno na svakoj stranici unutar Aplikacije) te detalje o putanji koju je Korisnik pro\u0161ao unutar Aplikacije s posebnim naglaskom na redoslijed posje\u0107enih stranica, i druge parametre o operativnom sustavu ure\u0111aja i\/ili IT okru\u017eenju Korisnika.Korisnik<\/p><p>Fizi\u010dka osoba koja koristi ovu Aplikaciju, a koja mora biti ista ili ovla\u0161tena od strane ispitanika \u010diji se osobni podaci obra\u0111uju.Ispitanik (Data Subject)<br \/>Fizi\u010dka osoba na koju se odnose osobni podaci.Voditelj obrade (ili Vlasnik)<\/p><p>Fizi\u010dka ili pravna osoba, javna vlast, agencija ili drugo tijelo koje odre\u0111uje svrhe i sredstva obrade osobnih podataka, uklju\u010duju\u0107i sigurnosne mjere u vezi s radom i kori\u0161tenjem ove Aplikacije. Voditelj obrade, osim ako nije druga\u010dije navedeno, je Vlasnik ove Aplikacije.Ova Aplikacija<br \/>Sredstvo putem kojeg se prikupljaju i obra\u0111uju osobni podaci Korisnika.Usluga<\/p><p>Usluga koju pru\u017ea ova Aplikacija, kako je opisana u odgovaraju\u0107im uvjetima (ako su dostupni) i na ovoj stranici\/aplikaciji.Europska unija (ili EU)<br \/>Ako nije druga\u010dije navedeno, svaki poziv na Europsku uniju u ovom dokumentu odnosi se na sve trenutne dr\u017eave \u010dlanice Europske unije i Europskog gospodarskog prostora.Kola\u010di\u0107i (Cookies)<br \/>Kola\u010di\u0107i su alati za pra\u0107enje koji se sastoje od malih podataka pohranjenih unutar preglednika Korisnika.Alat za pra\u0107enje (Tracking Tool)<br \/>Alatom za pra\u0107enje smatramo bilo koju tehnologiju \u2013 poput kola\u010di\u0107a, jedinstvenih identifikatora, web beacon-a, ugra\u0111enih skripti, e-oznaka i fingerprintinga \u2013 koja omogu\u0107uje pra\u0107enje Korisnika, na primjer prikupljanjem ili pohranjivanjem informacija na ure\u0111aju Korisnika.Pravne reference<br \/>Ova politika privatnosti sastavljena je na temelju razli\u010ditih zakonskih okvira, uklju\u010duju\u0107i \u010dlanke 13. i 14. Uredbe (EU) 2016\/679.<\/p><p>Ako nije druga\u010dije navedeno, ova politika privatnosti odnosi se isklju\u010divo na ovu Aplikaciju.Zadnja izmjena: 21. travnja 2021.<br \/>iubenda hosta ovaj sadr\u017eaj i prikuplja samo osobne podatke koji su strogo nu\u017eni za njezino pru\u017eanje.<\/p><p><!-- \/wp:paragraph --><\/p>\t\t\t\t\t\t\t\t<\/div>\n\t\t\t\t<\/div>\n\t\t\t\t\t<\/div>\n\t\t<\/div>\n\t\t\t\t\t<\/div>\n\t\t<\/section>\n\t\t\t\t<\/div>\n\t\t","protected":false},"excerpt":{"rendered":"<p>Politika privatnosti you.dental Ova aplikacija prikuplja odre\u0111ene osobne podatke svojih korisnika.Ovaj dokument mo\u017ee se ispisati pomo\u0107u naredbe za ispis koja se nalazi u postavkama bilo kojeg preglednika. Voditelj obrade podatakateamwork media srl \u2013 via Sicilia, 21a \u2013 25069 Villa Carcina (BS)E-mail adresa voditelja obrade podataka: info@teamwork-media.com Vrste prikupljenih podatakaMe\u0111u osobnim podacima koje prikuplja ova aplikacija, [&hellip;]<\/p>\n","protected":false},"author":460,"featured_media":0,"parent":0,"menu_order":0,"comment_status":"closed","ping_status":"closed","template":"","meta":{"_uag_custom_page_level_css":"","site-sidebar-layout":"no-sidebar","site-content-layout":"page-builder","ast-site-content-layout":"full-width-container","site-content-style":"unboxed","site-sidebar-style":"unboxed","ast-global-header-display":"","ast-banner-title-visibility":"","ast-main-header-display":"","ast-hfb-above-header-display":"","ast-hfb-below-header-display":"","ast-hfb-mobile-header-display":"","site-post-title":"disabled","ast-breadcrumbs-content":"","ast-featured-img":"disabled","footer-sml-layout":"","theme-transparent-header-meta":"","adv-header-id-meta":"","stick-header-meta":"","header-above-stick-meta":"","header-main-stick-meta":"","header-below-stick-meta":"","astra-migrate-meta-layouts":"set","ast-page-background-enabled":"default","ast-page-background-meta":{"desktop":{"background-color":"","background-image":"","background-repeat":"repeat","background-position":"center center","background-size":"auto","background-attachment":"scroll","background-type":"","background-media":"","overlay-type":"","overlay-color":"","overlay-opacity":"","overlay-gradient":""},"tablet":{"background-color":"","background-image":"","background-repeat":"repeat","background-position":"center center","background-size":"auto","background-attachment":"scroll","background-type":"","background-media":"","overlay-type":"","overlay-color":"","overlay-opacity":"","overlay-gradient":""},"mobile":{"background-color":"","background-image":"","background-repeat":"repeat","background-position":"center center","background-size":"auto","background-attachment":"scroll","background-type":"","background-media":"","overlay-type":"","overlay-color":"","overlay-opacity":"","overlay-gradient":""}},"ast-content-background-meta":{"desktop":{"background-color":"var(--ast-global-color-5)","background-image":"","background-repeat":"repeat","background-position":"center center","background-size":"auto","background-attachment":"scroll","background-type":"","background-media":"","overlay-type":"","overlay-color":"","overlay-opacity":"","overlay-gradient":""},"tablet":{"background-color":"var(--ast-global-color-5)","background-image":"","background-repeat":"repeat","background-position":"center center","background-size":"auto","background-attachment":"scroll","background-type":"","background-media":"","overlay-type":"","overlay-color":"","overlay-opacity":"","overlay-gradient":""},"mobile":{"background-color":"var(--ast-global-color-5)","background-image":"","background-repeat":"repeat","background-position":"center center","background-size":"auto","background-attachment":"scroll","background-type":"","background-media":"","overlay-type":"","overlay-color":"","overlay-opacity":"","overlay-gradient":""}},"footnotes":""},"class_list":["post-9086","page","type-page","status-publish","hentry"],"lang":"hr","translations":{"hr":9086,"it":5879,"en":3,"de":5881,"es":5883},"uagb_featured_image_src":{"full":false,"thumbnail":false,"medium":false,"medium_large":false,"large":false,"1536x1536":false,"2048x2048":false,"woocommerce_thumbnail":false,"woocommerce_single":false,"woocommerce_gallery_thumbnail":false},"uagb_author_info":{"display_name":"riccardo","author_link":"https:\/\/you.dental\/?author=460"},"uagb_comment_info":0,"uagb_excerpt":"Politika privatnosti you.dental Ova aplikacija prikuplja odre\u0111ene osobne podatke svojih korisnika.Ovaj dokument mo\u017ee se ispisati pomo\u0107u naredbe za ispis koja se nalazi u postavkama bilo kojeg preglednika. Voditelj obrade podatakateamwork media srl \u2013 via Sicilia, 21a \u2013 25069 Villa Carcina (BS)E-mail adresa voditelja obrade podataka: info@teamwork-media.com Vrste prikupljenih podatakaMe\u0111u osobnim podacima koje prikuplja ova aplikacija,&hellip;","jetpack_sharing_enabled":true,"pll_sync_post":[],"_links":{"self":[{"href":"https:\/\/you.dental\/index.php?rest_route=\/wp\/v2\/pages\/9086","targetHints":{"allow":["GET"]}}],"collection":[{"href":"https:\/\/you.dental\/index.php?rest_route=\/wp\/v2\/pages"}],"about":[{"href":"https:\/\/you.dental\/index.php?rest_route=\/wp\/v2\/types\/page"}],"author":[{"embeddable":true,"href":"https:\/\/you.dental\/index.php?rest_route=\/wp\/v2\/users\/460"}],"replies":[{"embeddable":true,"href":"https:\/\/you.dental\/index.php?rest_route=%2Fwp%2Fv2%2Fcomments&post=9086"}],"version-history":[{"count":5,"href":"https:\/\/you.dental\/index.php?rest_route=\/wp\/v2\/pages\/9086\/revisions"}],"predecessor-version":[{"id":9138,"href":"https:\/\/you.dental\/index.php?rest_route=\/wp\/v2\/pages\/9086\/revisions\/9138"}],"wp:attachment":[{"href":"https:\/\/you.dental\/index.php?rest_route=%2Fwp%2Fv2%2Fmedia&parent=9086"}],"curies":[{"name":"wp","href":"https:\/\/api.w.org\/{rel}","templated":true}]}}