{"id":9091,"date":"2026-02-24T11:35:36","date_gmt":"2026-02-24T11:35:36","guid":{"rendered":"https:\/\/you.dental\/?page_id=9091"},"modified":"2026-02-24T11:35:36","modified_gmt":"2026-02-24T11:35:36","slug":"terms-and-conditions","status":"publish","type":"page","link":"https:\/\/you.dental\/?page_id=9091&lang=hr","title":{"rendered":"Terms and Conditions"},"content":{"rendered":"\t\t<div data-elementor-type=\"wp-page\" data-elementor-id=\"9091\" class=\"elementor elementor-9091\" data-elementor-post-type=\"page\">\n\t\t\t\t\t\t<section class=\"elementor-section elementor-top-section elementor-element elementor-element-a115456 elementor-section-boxed elementor-section-height-default elementor-section-height-default\" data-id=\"a115456\" data-element_type=\"section\">\n\t\t\t\t\t\t<div class=\"elementor-container elementor-column-gap-default\">\n\t\t\t\t\t<div class=\"elementor-column elementor-col-100 elementor-top-column elementor-element elementor-element-fe9b098\" data-id=\"fe9b098\" data-element_type=\"column\">\n\t\t\t<div class=\"elementor-widget-wrap elementor-element-populated\">\n\t\t\t\t\t\t<div class=\"elementor-element elementor-element-988be6e elementor-widget elementor-widget-heading\" data-id=\"988be6e\" data-element_type=\"widget\" data-widget_type=\"heading.default\">\n\t\t\t\t<div class=\"elementor-widget-container\">\n\t\t\t\t\t<h1 class=\"elementor-heading-title elementor-size-default\">Uvjeti i odredbe<\/h1>\t\t\t\t<\/div>\n\t\t\t\t<\/div>\n\t\t\t\t<div class=\"elementor-element elementor-element-471771f elementor-widget__width-initial elementor-widget elementor-widget-text-editor\" data-id=\"471771f\" data-element_type=\"widget\" data-widget_type=\"text-editor.default\">\n\t\t\t\t<div class=\"elementor-widget-container\">\n\t\t\t\t\t\t\t\t\t<p><strong>Obveze kupca<\/strong><br \/>Ovi Op\u0107i uvjeti prodaje moraju biti pregledani online od strane kupaca koji posje\u0107uju web stranicu teamwork-media.com prije potvrde svoje kupnje. Slanjem potvrde narud\u017ebe podrazumijeva se potpuno poznavanje i potpuno prihva\u0107anje ovih Op\u0107ih uvjeta prodaje.<\/p><p>Nakon zavr\u0161etka postupka online kupnje, Kupac se obvezuje ispisati i sa\u010duvati ove op\u0107e uvjete prodaje, koji su ve\u0107 pregledani i prihva\u0107eni tijekom procesa kupnje, kako bi se u potpunosti ispunio uvjet iz \u010dlanaka 3. i 4. Zakonske uredbe br. 185\/1999.<\/p><p><strong>Na\u010din kupnje<\/strong><br \/>Teamwork-media.com je telematska web stranica za prodaju uredni\u010dkih proizvoda.<br \/>Kupnja proizvoda obavlja se po nazna\u010denoj cijeni, koju je potrebno potvrditi prilikom slanja potvrde narud\u017ebe.<br \/>Prije potvrde kupnje, Kupcu \u0107e biti prikazan sa\u017eetak jedini\u010dne cijene svakog odabranog proizvoda i ukupna cijena u slu\u010daju kupnje vi\u0161e proizvoda.<br \/>Potvrdom kupnje i zavr\u0161etkom transakcije, Kupac \u0107e primiti e-mail s datumom i ukupnim iznosom narud\u017ebe, kao i s detaljima narud\u017ebe.<br \/>Proizvodi dostupni na web stranici ilustrirani su i opisani online u posve\u0107enom odjeljku. Ipak, napominjemo da vizualna prezentacija obi\u010dno odgovara fotografiji i slu\u017ei samo za prezentacijske svrhe, bez jamstva ili obveze teamwork media srl u pogledu to\u010dne uskla\u0111enosti prikazane slike na web stranici s stvarnim proizvodom (dimenzije, boje itd.).<br \/>Cijene i dostupnost proizvoda mogu se mijenjati u bilo kojem trenutku i bez prethodne najave.<\/p><p><strong>Pravo na povrat<\/strong><br \/>Knjige koje se prodaju pokrivene su pravom na povrat koje osiguravaju Zakonsku uredbu od 15. sije\u010dnja 1992., br. 50, i Zakonske uredbe od 22. svibnja 1999., br. 185. Ovo pravo mo\u017ee ostvariti potro\u0161a\u010d unutar 10 (deset) dana od primitka proizvoda slanjem preporu\u010dene po\u0161te s povratnicom, izra\u017eavaju\u0107i namjeru da iskoristi pravo predvi\u0111eno Zakonskim dekretom od 15. sije\u010dnja 1992., br. 50.<\/p><p><strong>Adresa za slanje preporu\u010dene po\u0161te:<\/strong><br \/>Teamwork Media Srl<br \/>Via Sicilia 21\/a<br \/>25069 Villa Carcina (BS)<\/p><p>Teamwork Media Srl izvr\u0161it \u0107e povrat putem bankovnog transfera u roku od trideset dana od primitka proizvoda za koje je ostvareno pravo na povrat. Za dodatne informacije o ostvarivanju prava na povrat, nazovite broj: 030 8988014.<\/p><p><strong>Privatnost<\/strong><br \/>Informacije za osobe zainteresirane za kupnju proizvoda od teamwork media srl (\u010cl. 13 Zakonske uredbe 196\/2003)<br \/>Osobni podaci koje ste dali i koje \u0107ete dati tijekom na\u0161eg odnosa obra\u0111uju se radi ispunjenja obveza koje proizlaze iz ugovora o prodaji, te radi ispunjenja obveza propisanih zakonima, pravilnicima ili EU zakonodavstvom.<br \/>Obrada se provodi, uklju\u010duju\u0107i elektroni\u010dka sredstva, u skladu s odredbama \u010dlanka 11. Zakonske uredbe od 30. lipnja 2003., br. 196 (u daljnjem tekstu \u201eZakon\u201c), koji jam\u010di va\u0161a prava i \u0161titi va\u0161u temeljnu slobodu i dostojanstvo, osobito u pogledu privatnosti i osobnog identiteta. Obrada \u0107e se provoditi samo onoliko dugo koliko je strogo potrebno za ostvarenje navedenih svrha.<br \/>Osobni podaci koje ste dali ne\u0107e se dijeliti s tre\u0107im stranama.<br \/>Primijenili smo minimalne mjere sigurnosti za obradu va\u0161ih osobnih podataka u skladu s \u010dlancima 33. i nadalje Zakona. Obvezujemo se prilagoditi te mjere u skladu s naknadnim zakonskim izmjenama i tehnolo\u0161kim napretkom u sektoru.<br \/>Davanje osobnih podataka dobrovoljno je, ali je nu\u017eno za ostvarenje gore navedenih svrha. Neposredno neisporu\u010divanje podataka onemogu\u0107it \u0107e ispunjenje obveza iz ugovora o prodaji koji je mo\u017eda sklopljen.<br \/>Voditelj obrade, tj. osoba odgovorna za odluke o svrsi i na\u010dinu obrade osobnih podataka, je teamwork media srl, sa sjedi\u0161tem u Villa Carcina (BS), Via Sicilia, 21a.<\/p><p><strong>\u010clanak 7 Zakona<\/strong><br \/>Ispitanik ima pravo:<\/p><ul><li>dobiti potvrdu o postojanju ili nepostojanju osobnih podataka koji se odnose na njega, \u010dak i ako nisu jo\u0161 registrirani, i njihovu komunikaciju u razumljivom obliku;<\/li><li>dobiti informacije o: izvoru osobnih podataka; svrsi i na\u010dinu obrade; logici kori\u0161tenoj kod obrade elektroni\u010dkim sredstvima; identifikaciji Voditelja obrade, obra\u0111iva\u010da i imenovanog predstavnika; subjektima ili kategorijama subjekata kojima se podaci mogu priop\u0107iti;<\/li><li>zahtijevati: a) a\u017euriranje, ispravak ili dopunu podataka; b) brisanje, anonimizaciju ili blokiranje nezakonito obra\u0111enih podataka; c) potvrdu da su navedene radnje provedene i obavije\u0161tene relevantnim stranama;<\/li><li>prigovoriti u cijelosti ili djelomi\u010dno: na obradu osobnih podataka iz legitimnih razloga ili za potrebe izravnog marketinga, istra\u017eivanja tr\u017ei\u0161ta ili komercijalne komunikacije.<\/li><\/ul><p><strong>Otkazivanje narud\u017ebe od TEAMWORK-MEDIA.COM<\/strong><br \/>TEAMWORK-MEDIA.COM zadr\u017eava pravo otkazivanja narud\u017ebe ili stavke iz narud\u017ebe u sljede\u0107im slu\u010dajevima:<\/p><ul><li>proizvodi prijavljeni kao nedostupni;<\/li><li>proizvodi koji se ne mogu isporu\u010diti zbog problema;<\/li><li>prijevara protiv TEAMWORK-MEDIA.COM.<\/li><\/ul><p><strong>Kontakt<\/strong><br \/>Telefon: +39 030 8982985<br \/>E-mail: redazione@teamwork-media.com<br \/>Adresa: Via Sicilia 21A, I-25069 Villa Carcina (BS)<\/p><p>Inizio modulo<\/p><p>\u00a0<\/p><p>\u00a0<\/p>\t\t\t\t\t\t\t\t<\/div>\n\t\t\t\t<\/div>\n\t\t\t\t\t<\/div>\n\t\t<\/div>\n\t\t\t\t\t<\/div>\n\t\t<\/section>\n\t\t\t\t<\/div>\n\t\t","protected":false},"excerpt":{"rendered":"<p>Uvjeti i odredbe Obveze kupcaOvi Op\u0107i uvjeti prodaje moraju biti pregledani online od strane kupaca koji posje\u0107uju web stranicu teamwork-media.com prije potvrde svoje kupnje. Slanjem potvrde narud\u017ebe podrazumijeva se potpuno poznavanje i potpuno prihva\u0107anje ovih Op\u0107ih uvjeta prodaje. Nakon zavr\u0161etka postupka online kupnje, Kupac se obvezuje ispisati i sa\u010duvati ove op\u0107e uvjete prodaje, koji su [&hellip;]<\/p>\n","protected":false},"author":460,"featured_media":0,"parent":0,"menu_order":0,"comment_status":"closed","ping_status":"closed","template":"","meta":{"_uag_custom_page_level_css":"","site-sidebar-layout":"no-sidebar","site-content-layout":"page-builder","ast-site-content-layout":"full-width-container","site-content-style":"unboxed","site-sidebar-style":"unboxed","ast-global-header-display":"","ast-banner-title-visibility":"","ast-main-header-display":"","ast-hfb-above-header-display":"","ast-hfb-below-header-display":"","ast-hfb-mobile-header-display":"","site-post-title":"disabled","ast-breadcrumbs-content":"","ast-featured-img":"disabled","footer-sml-layout":"","theme-transparent-header-meta":"","adv-header-id-meta":"","stick-header-meta":"","header-above-stick-meta":"","header-main-stick-meta":"","header-below-stick-meta":"","astra-migrate-meta-layouts":"set","ast-page-background-enabled":"default","ast-page-background-meta":{"desktop":{"background-color":"","background-image":"","background-repeat":"repeat","background-position":"center center","background-size":"auto","background-attachment":"scroll","background-type":"","background-media":"","overlay-type":"","overlay-color":"","overlay-opacity":"","overlay-gradient":""},"tablet":{"background-color":"","background-image":"","background-repeat":"repeat","background-position":"center center","background-size":"auto","background-attachment":"scroll","background-type":"","background-media":"","overlay-type":"","overlay-color":"","overlay-opacity":"","overlay-gradient":""},"mobile":{"background-color":"","background-image":"","background-repeat":"repeat","background-position":"center center","background-size":"auto","background-attachment":"scroll","background-type":"","background-media":"","overlay-type":"","overlay-color":"","overlay-opacity":"","overlay-gradient":""}},"ast-content-background-meta":{"desktop":{"background-color":"var(--ast-global-color-5)","background-image":"","background-repeat":"repeat","background-position":"center center","background-size":"auto","background-attachment":"scroll","background-type":"","background-media":"","overlay-type":"","overlay-color":"","overlay-opacity":"","overlay-gradient":""},"tablet":{"background-color":"var(--ast-global-color-5)","background-image":"","background-repeat":"repeat","background-position":"center center","background-size":"auto","background-attachment":"scroll","background-type":"","background-media":"","overlay-type":"","overlay-color":"","overlay-opacity":"","overlay-gradient":""},"mobile":{"background-color":"var(--ast-global-color-5)","background-image":"","background-repeat":"repeat","background-position":"center center","background-size":"auto","background-attachment":"scroll","background-type":"","background-media":"","overlay-type":"","overlay-color":"","overlay-opacity":"","overlay-gradient":""}},"footnotes":""},"class_list":["post-9091","page","type-page","status-publish","hentry"],"lang":"hr","translations":{"hr":9091,"it":6105,"en":6097,"de":6133,"es":6160},"uagb_featured_image_src":{"full":false,"thumbnail":false,"medium":false,"medium_large":false,"large":false,"1536x1536":false,"2048x2048":false,"woocommerce_thumbnail":false,"woocommerce_single":false,"woocommerce_gallery_thumbnail":false},"uagb_author_info":{"display_name":"riccardo","author_link":"https:\/\/you.dental\/?author=460"},"uagb_comment_info":0,"uagb_excerpt":"Uvjeti i odredbe Obveze kupcaOvi Op\u0107i uvjeti prodaje moraju biti pregledani online od strane kupaca koji posje\u0107uju web stranicu teamwork-media.com prije potvrde svoje kupnje. Slanjem potvrde narud\u017ebe podrazumijeva se potpuno poznavanje i potpuno prihva\u0107anje ovih Op\u0107ih uvjeta prodaje. Nakon zavr\u0161etka postupka online kupnje, Kupac se obvezuje ispisati i sa\u010duvati ove op\u0107e uvjete prodaje, koji su&hellip;","jetpack_sharing_enabled":true,"pll_sync_post":[],"_links":{"self":[{"href":"https:\/\/you.dental\/index.php?rest_route=\/wp\/v2\/pages\/9091","targetHints":{"allow":["GET"]}}],"collection":[{"href":"https:\/\/you.dental\/index.php?rest_route=\/wp\/v2\/pages"}],"about":[{"href":"https:\/\/you.dental\/index.php?rest_route=\/wp\/v2\/types\/page"}],"author":[{"embeddable":true,"href":"https:\/\/you.dental\/index.php?rest_route=\/wp\/v2\/users\/460"}],"replies":[{"embeddable":true,"href":"https:\/\/you.dental\/index.php?rest_route=%2Fwp%2Fv2%2Fcomments&post=9091"}],"version-history":[{"count":6,"href":"https:\/\/you.dental\/index.php?rest_route=\/wp\/v2\/pages\/9091\/revisions"}],"predecessor-version":[{"id":9142,"href":"https:\/\/you.dental\/index.php?rest_route=\/wp\/v2\/pages\/9091\/revisions\/9142"}],"wp:attachment":[{"href":"https:\/\/you.dental\/index.php?rest_route=%2Fwp%2Fv2%2Fmedia&parent=9091"}],"curies":[{"name":"wp","href":"https:\/\/api.w.org\/{rel}","templated":true}]}}