{"id":8804,"date":"2025-06-24T14:19:16","date_gmt":"2025-06-24T14:19:16","guid":{"rendered":"https:\/\/you.dental\/?post_type=product&#038;p=8804"},"modified":"2025-06-25T08:09:04","modified_gmt":"2025-06-25T08:09:04","slug":"afg-modelling-numerically","status":"publish","type":"product","link":"https:\/\/you.dental\/?product=afg-modelling-numerically&lang=de","title":{"rendered":"AFG MODELLING numerically coded dental anatomy"},"content":{"rendered":"<p>Dieser Text, obwohl als Arbeitsanleitung f\u00fcr Anf\u00e4nger oder f\u00fcr diejenigen geschrieben, die neu beginnen oder neu starten m\u00f6chten, und ohne die typische Form wissenschaftlicher Fachb\u00fccher, ist tief in den exakten Wissenschaften wie Mathematik und Geometrie sowie in den \u00e4ltesten k\u00fcnstlerischen Techniken verwurzelt. Er \u00fcbertr\u00e4gt nicht nur die Technik, sondern auch die Magie und die Emotion der Gestik auf ein innovatives Bildsystem.<\/p>\n<p>&nbsp;<\/p>\n<p><strong>Copyright<\/strong>:<br \/>\n\u00a9 2025 \u2013 teamwork media srl \u2013 25069 Villa Carcina (BS) \u2013 Via Sicilia, 21\/a und Palmeri Media Group (PMG) \u2013 35-145 Royal Crest Court, Markham, ON L3R 9Z4.<\/p>\n<p>Alle Urheberrechte vorbehalten. Vervielfa\u0308ltigungen bedu\u0308rfen der Genehmigung. Das Werk einschliesslich aller seiner Teile ist urheberrechtlich geschu\u0308tzt. Jede Verwertung ausserhalb der engen Grenzen des Urheberrechtsgesetzes ist ohne Zustimmung des Verlages unzula\u0308ssig und strafbar. Das gilt insbeson- dere fu\u0308r Vervielfa\u0308ltigungen, U\u0308bersetzungen, Mikroverfilmung und Einspeicherung und Verarbeitung in elektronischen Systemen.<br \/>\nAlle in dieser Vero\u0308ffentlichung enthaltenen Angaben. Ergebnisse usw. wurden vom Autor nach bestem Wissen erstellt und von ihm und dem Verlag mit gro\u0308\u00dftmo\u0308glicher Sorgfalt u\u0308berpru\u0308ft. Gleichwohl sind inhaltliche Fehler nicht auszuschlie\u00dfen. Daher erfolgen alle Angaben ohne jegliche Verpflichtung oder Garantie des Verlages oder des Autoren. Sie garantieren nicht oder haften nicht fu\u0308r etwaige inhaltliche Unrichtigkeiten (Produkthaftungsauschluss). Im Text sind Warennamen, die patent- oder urheberrechtlich geschu\u0308tzt sind, nicht unbedingt als solche gekennzeichnet. Aus dem Fehlen eines besonderen Hinweises oder des Zeichen \u00a9 darf nicht geschlossen werden, es besteht kein Warenschutz.<\/p>\n<p><strong>Produktion<\/strong>: teamwork media srl e Palmeri Media Group (PMG)<br \/>\n<a href=\"https:\/\/www.teamwork-media.com\/\" target=\"_blank\" rel=\"noopener\">www.teamwork-media.com<\/a><br \/>\n<a href=\"https:\/\/www.palmerimediagroup.com\/\" target=\"_blank\" rel=\"noopener\">www.palmerimediagroup.com<\/a><\/p>\n<p><strong>Layout<\/strong>: Simon Asselmann<\/p>\n<p>&nbsp;<\/p>\n<p>ISBN 978-88-89626-71-9<\/p>\n","protected":false},"excerpt":{"rendered":"<p class=\"p1\"><span class=\"s1\"><b>Autoren: <\/b>Alberto Battistelli,\u00a0Dario Severino<\/span><\/p>\n<p class=\"p1\"><span class=\"s1\"><b>Produktion: <\/b>teamwork media srl and Palmeri Media Group (PMG)<\/span><\/p>\n","protected":false},"featured_media":8805,"comment_status":"open","ping_status":"closed","template":"","meta":{"_uag_custom_page_level_css":"","site-sidebar-layout":"default","site-content-layout":"","ast-site-content-layout":"default","site-content-style":"default","site-sidebar-style":"default","ast-global-header-display":"","ast-banner-title-visibility":"","ast-main-header-display":"","ast-hfb-above-header-display":"","ast-hfb-below-header-display":"","ast-hfb-mobile-header-display":"","site-post-title":"","ast-breadcrumbs-content":"","ast-featured-img":"","footer-sml-layout":"","theme-transparent-header-meta":"default","adv-header-id-meta":"","stick-header-meta":"","header-above-stick-meta":"","header-main-stick-meta":"","header-below-stick-meta":"","astra-migrate-meta-layouts":"set","ast-page-background-enabled":"default","ast-page-background-meta":{"desktop":{"background-color":"","background-image":"","background-repeat":"repeat","background-position":"center center","background-size":"auto","background-attachment":"scroll","background-type":"","background-media":"","overlay-type":"","overlay-color":"","overlay-opacity":"","overlay-gradient":""},"tablet":{"background-color":"","background-image":"","background-repeat":"repeat","background-position":"center center","background-size":"auto","background-attachment":"scroll","background-type":"","background-media":"","overlay-type":"","overlay-color":"","overlay-opacity":"","overlay-gradient":""},"mobile":{"background-color":"","background-image":"","background-repeat":"repeat","background-position":"center center","background-size":"auto","background-attachment":"scroll","background-type":"","background-media":"","overlay-type":"","overlay-color":"","overlay-opacity":"","overlay-gradient":""}},"ast-content-background-meta":{"desktop":{"background-color":"var(--ast-global-color-5)","background-image":"","background-repeat":"repeat","background-position":"center center","background-size":"auto","background-attachment":"scroll","background-type":"","background-media":"","overlay-type":"","overlay-color":"","overlay-opacity":"","overlay-gradient":""},"tablet":{"background-color":"var(--ast-global-color-5)","background-image":"","background-repeat":"repeat","background-position":"center center","background-size":"auto","background-attachment":"scroll","background-type":"","background-media":"","overlay-type":"","overlay-color":"","overlay-opacity":"","overlay-gradient":""},"mobile":{"background-color":"var(--ast-global-color-5)","background-image":"","background-repeat":"repeat","background-position":"center center","background-size":"auto","background-attachment":"scroll","background-type":"","background-media":"","overlay-type":"","overlay-color":"","overlay-opacity":"","overlay-gradient":""}}},"product_brand":[],"product_cat":[100,92],"product_tag":[],"class_list":{"0":"post-8804","1":"product","2":"type-product","3":"status-publish","4":"has-post-thumbnail","6":"product_cat-zahnmedizin","7":"product_cat-zahntechnik","8":"desktop-align-center","9":"tablet-align-center","10":"mobile-align-center","12":"first","13":"instock","14":"downloadable","15":"virtual","16":"purchasable","17":"product-type-simple"},"lang":"de","translations":{"de":8804},"uagb_featured_image_src":{"full":["https:\/\/you.dental\/wp-content\/uploads\/2025\/06\/alberto-ted-cover.jpg",575,535,false],"thumbnail":["https:\/\/you.dental\/wp-content\/uploads\/2025\/06\/alberto-ted-cover-150x150.jpg",150,150,true],"medium":["https:\/\/you.dental\/wp-content\/uploads\/2025\/06\/alberto-ted-cover-300x279.jpg",300,279,true],"medium_large":["https:\/\/you.dental\/wp-content\/uploads\/2025\/06\/alberto-ted-cover.jpg",575,535,false],"large":["https:\/\/you.dental\/wp-content\/uploads\/2025\/06\/alberto-ted-cover.jpg",575,535,false],"1536x1536":["https:\/\/you.dental\/wp-content\/uploads\/2025\/06\/alberto-ted-cover.jpg",575,535,false],"2048x2048":["https:\/\/you.dental\/wp-content\/uploads\/2025\/06\/alberto-ted-cover.jpg",575,535,false],"woocommerce_thumbnail":["https:\/\/you.dental\/wp-content\/uploads\/2025\/06\/alberto-ted-cover-300x300.jpg",300,300,true],"woocommerce_single":["https:\/\/you.dental\/wp-content\/uploads\/2025\/06\/alberto-ted-cover.jpg",575,535,false],"woocommerce_gallery_thumbnail":["https:\/\/you.dental\/wp-content\/uploads\/2025\/06\/alberto-ted-cover-100x100.jpg",100,100,true]},"uagb_author_info":{"display_name":"redazione","author_link":"https:\/\/you.dental\/?author=0"},"uagb_comment_info":0,"uagb_excerpt":"Autoren: Alberto Battistelli,\u00a0Dario Severino Produktion: teamwork media srl and Palmeri Media Group (PMG)","jetpack_sharing_enabled":true,"pll_sync_post":[],"_links":{"self":[{"href":"https:\/\/you.dental\/index.php?rest_route=\/wp\/v2\/product\/8804","targetHints":{"allow":["GET"]}}],"collection":[{"href":"https:\/\/you.dental\/index.php?rest_route=\/wp\/v2\/product"}],"about":[{"href":"https:\/\/you.dental\/index.php?rest_route=\/wp\/v2\/types\/product"}],"replies":[{"embeddable":true,"href":"https:\/\/you.dental\/index.php?rest_route=%2Fwp%2Fv2%2Fcomments&post=8804"}],"wp:featuredmedia":[{"embeddable":true,"href":"https:\/\/you.dental\/index.php?rest_route=\/wp\/v2\/media\/8805"}],"wp:attachment":[{"href":"https:\/\/you.dental\/index.php?rest_route=%2Fwp%2Fv2%2Fmedia&parent=8804"}],"wp:term":[{"taxonomy":"product_brand","embeddable":true,"href":"https:\/\/you.dental\/index.php?rest_route=%2Fwp%2Fv2%2Fproduct_brand&post=8804"},{"taxonomy":"product_cat","embeddable":true,"href":"https:\/\/you.dental\/index.php?rest_route=%2Fwp%2Fv2%2Fproduct_cat&post=8804"},{"taxonomy":"product_tag","embeddable":true,"href":"https:\/\/you.dental\/index.php?rest_route=%2Fwp%2Fv2%2Fproduct_tag&post=8804"}],"curies":[{"name":"wp","href":"https:\/\/api.w.org\/{rel}","templated":true}]}}