{"id":9176,"date":"2026-02-26T09:07:20","date_gmt":"2026-02-26T09:07:20","guid":{"rendered":"https:\/\/you.dental\/?post_type=product&#038;p=9176"},"modified":"2026-02-26T09:34:20","modified_gmt":"2026-02-26T09:34:20","slug":"afg-modeliranje-numericki-kodirana-dentalna-anatomija","status":"publish","type":"product","link":"https:\/\/you.dental\/?product=afg-modeliranje-numericki-kodirana-dentalna-anatomija&lang=hr","title":{"rendered":"AFG MODELIRANJE Numeri\u010dki kodirana dentalna anatomija"},"content":{"rendered":"<p>Ovaj tekst, iako napisan kao radni priru\u010dnik za one koji zapo\u010dinju ili ponovno pokre\u0107u svoju praksu i bez tipi\u010dne strukture \u201eznanstvenih\u201c knjiga, duboko je ukorijenjen u egzaktne znanosti \u2013 matematiku i geometriju \u2013 kao i u najstarije umjetni\u010dke tehnike. On povjerava ne samo tehniku, ve\u0107 i magiju i emotivnu dimenziju manualnog gesta inovativnom sustavu temeljenom na slici.<\/p>\n<p>&nbsp;<\/p>\n<p>\u00a9 2026 &#8211; teamwork media srl &#8211; 25069 Villa Carcina (BS) &#8211; Via Sicilia, 21\/a<\/p>\n<p>All rights reserved. This eBook is protected by copyright. No part of it may be reproduced, contained in a retrieval system, or transmitted in any form or by any means; electronic, mechanical, photocopying and engraving, or otherwise without the written permission of the publisher. All indications and results contained in this work have been conscientiously worked out by the author and checked by him and the editor with the utmost care. Nevertheless, errors cannot be excluded a priori. Therefore, any information contained in this work is without warranty from either the author or the publisher. No liability is accepted for errors in content. In the text, product names that are protected by patent or copyright are not necessarily marked as such. The absence of a special reference or the \u00a9 symbol should not lead to the conclusion that there is no protection of the products.<\/p>\n<p><span class=\"gmail-Apple-converted-space\">\u00a0<\/span><\/p>\n<p>Production: teamwork media srl<\/p>\n<p><a href=\"http:\/\/www.teamwork-media.com\/\" target=\"_blank\" rel=\"noopener noreferrer\">www.teamwork-media.com<\/a><\/p>\n<p>&nbsp;<\/p>\n<p>Layout: Simon Asselmann<\/p>\n<p>ISBN 978-88-89626-71-9<\/p>\n","protected":false},"excerpt":{"rendered":"<p><strong>Autor: <\/strong>Alberto Battistelli,\u00a0Dario Severino<\/p>\n<p><strong>Publisher:\u00a0<\/strong>teamwork media srl<\/p>\n","protected":false},"featured_media":9179,"comment_status":"closed","ping_status":"closed","template":"","meta":{"_uag_custom_page_level_css":"","site-sidebar-layout":"default","site-content-layout":"","ast-site-content-layout":"default","site-content-style":"default","site-sidebar-style":"default","ast-global-header-display":"","ast-banner-title-visibility":"","ast-main-header-display":"","ast-hfb-above-header-display":"","ast-hfb-below-header-display":"","ast-hfb-mobile-header-display":"","site-post-title":"","ast-breadcrumbs-content":"","ast-featured-img":"","footer-sml-layout":"","theme-transparent-header-meta":"default","adv-header-id-meta":"","stick-header-meta":"","header-above-stick-meta":"","header-main-stick-meta":"","header-below-stick-meta":"","astra-migrate-meta-layouts":"set","ast-page-background-enabled":"default","ast-page-background-meta":{"desktop":{"background-color":"","background-image":"","background-repeat":"repeat","background-position":"center center","background-size":"auto","background-attachment":"scroll","background-type":"","background-media":"","overlay-type":"","overlay-color":"","overlay-opacity":"","overlay-gradient":""},"tablet":{"background-color":"","background-image":"","background-repeat":"repeat","background-position":"center center","background-size":"auto","background-attachment":"scroll","background-type":"","background-media":"","overlay-type":"","overlay-color":"","overlay-opacity":"","overlay-gradient":""},"mobile":{"background-color":"","background-image":"","background-repeat":"repeat","background-position":"center center","background-size":"auto","background-attachment":"scroll","background-type":"","background-media":"","overlay-type":"","overlay-color":"","overlay-opacity":"","overlay-gradient":""}},"ast-content-background-meta":{"desktop":{"background-color":"var(--ast-global-color-5)","background-image":"","background-repeat":"repeat","background-position":"center center","background-size":"auto","background-attachment":"scroll","background-type":"","background-media":"","overlay-type":"","overlay-color":"","overlay-opacity":"","overlay-gradient":""},"tablet":{"background-color":"var(--ast-global-color-5)","background-image":"","background-repeat":"repeat","background-position":"center center","background-size":"auto","background-attachment":"scroll","background-type":"","background-media":"","overlay-type":"","overlay-color":"","overlay-opacity":"","overlay-gradient":""},"mobile":{"background-color":"var(--ast-global-color-5)","background-image":"","background-repeat":"repeat","background-position":"center center","background-size":"auto","background-attachment":"scroll","background-type":"","background-media":"","overlay-type":"","overlay-color":"","overlay-opacity":"","overlay-gradient":""}}},"product_brand":[],"product_cat":[159],"product_tag":[],"class_list":{"0":"post-9176","1":"product","2":"type-product","3":"status-publish","4":"has-post-thumbnail","6":"product_cat-uncategorized-hr","7":"desktop-align-center","8":"tablet-align-center","9":"mobile-align-center","11":"first","12":"instock","13":"downloadable","14":"virtual","15":"purchasable","16":"product-type-simple"},"lang":"hr","translations":{"hr":9176},"uagb_featured_image_src":{"full":["https:\/\/you.dental\/wp-content\/uploads\/2026\/02\/sanela-cover-575x535-1.jpg",2396,2229,false],"thumbnail":["https:\/\/you.dental\/wp-content\/uploads\/2026\/02\/sanela-cover-575x535-1-150x150.jpg",150,150,true],"medium":["https:\/\/you.dental\/wp-content\/uploads\/2026\/02\/sanela-cover-575x535-1-300x279.jpg",300,279,true],"medium_large":["https:\/\/you.dental\/wp-content\/uploads\/2026\/02\/sanela-cover-575x535-1-768x714.jpg",768,714,true],"large":["https:\/\/you.dental\/wp-content\/uploads\/2026\/02\/sanela-cover-575x535-1-1024x953.jpg",1024,953,true],"1536x1536":["https:\/\/you.dental\/wp-content\/uploads\/2026\/02\/sanela-cover-575x535-1-1536x1429.jpg",1536,1429,true],"2048x2048":["https:\/\/you.dental\/wp-content\/uploads\/2026\/02\/sanela-cover-575x535-1-2048x1905.jpg",2048,1905,true],"woocommerce_thumbnail":["https:\/\/you.dental\/wp-content\/uploads\/2026\/02\/sanela-cover-575x535-1-300x300.jpg",300,300,true],"woocommerce_single":["https:\/\/you.dental\/wp-content\/uploads\/2026\/02\/sanela-cover-575x535-1-600x558.jpg",600,558,true],"woocommerce_gallery_thumbnail":["https:\/\/you.dental\/wp-content\/uploads\/2026\/02\/sanela-cover-575x535-1-100x100.jpg",100,100,true]},"uagb_author_info":{"display_name":"redazione","author_link":"https:\/\/you.dental\/?author=0"},"uagb_comment_info":0,"uagb_excerpt":"Autor: Alberto Battistelli,\u00a0Dario Severino Publisher:\u00a0teamwork media srl","jetpack_sharing_enabled":true,"pll_sync_post":[],"_links":{"self":[{"href":"https:\/\/you.dental\/index.php?rest_route=\/wp\/v2\/product\/9176","targetHints":{"allow":["GET"]}}],"collection":[{"href":"https:\/\/you.dental\/index.php?rest_route=\/wp\/v2\/product"}],"about":[{"href":"https:\/\/you.dental\/index.php?rest_route=\/wp\/v2\/types\/product"}],"replies":[{"embeddable":true,"href":"https:\/\/you.dental\/index.php?rest_route=%2Fwp%2Fv2%2Fcomments&post=9176"}],"wp:featuredmedia":[{"embeddable":true,"href":"https:\/\/you.dental\/index.php?rest_route=\/wp\/v2\/media\/9179"}],"wp:attachment":[{"href":"https:\/\/you.dental\/index.php?rest_route=%2Fwp%2Fv2%2Fmedia&parent=9176"}],"wp:term":[{"taxonomy":"product_brand","embeddable":true,"href":"https:\/\/you.dental\/index.php?rest_route=%2Fwp%2Fv2%2Fproduct_brand&post=9176"},{"taxonomy":"product_cat","embeddable":true,"href":"https:\/\/you.dental\/index.php?rest_route=%2Fwp%2Fv2%2Fproduct_cat&post=9176"},{"taxonomy":"product_tag","embeddable":true,"href":"https:\/\/you.dental\/index.php?rest_route=%2Fwp%2Fv2%2Fproduct_tag&post=9176"}],"curies":[{"name":"wp","href":"https:\/\/api.w.org\/{rel}","templated":true}]}}